{"id":203,"date":"2014-12-17T15:26:18","date_gmt":"2014-12-17T15:26:18","guid":{"rendered":"http:\/\/horizoncentre.ca\/sample-page-2\/"},"modified":"2020-12-04T17:43:30","modified_gmt":"2020-12-04T17:43:30","slug":"accueil","status":"publish","type":"page","link":"https:\/\/horizoncentre.ca\/fr\/","title":{"rendered":"Accueil"},"content":{"rendered":"<h1>\n\t\tQUI SOMMES-NOUS ET QUE FAISONS-NOUS\n\t<\/h1>\n\t<p>Le Centre Horizon pour femmes\u00a0offre des services aux victimes de violence familiale et d\u2019agression sexuelle ainsi qu\u2019aux femmes en situation de crise ou qui ont besoin de soutien. Nous avons pour objectif d\u2019aider les gens \u00e0 venir \u00e0 bout des probl\u00e8mes auxquels ils sont aux prises. Pour ce faire, nous proposons une gamme de services adapt\u00e9s aux besoins de notre communaut\u00e9 et nous contribuons \u00e0 pr\u00e9venir, par l\u2019\u00e9ducation, la violence faite aux femmes et aux enfants. Gr\u00e2ce \u00e0 un processus de prise en charge fond\u00e9 sur le respect et sur une attitude non critique, nous cherchons \u00e0 aider les femmes \u00e0 \u00e9tablir des liens qui leur permettront de prendre leur vie en charge.<\/p>\n\t\t\t<a href=\"https:\/\/horizoncentre.ca\/our-board-of-directors\/\" target=\"_self\" role=\"button\" rel=\"noopener noreferrer\">\n\t\t\t\t\t\t\tNOTRE CONSEIL D\u2019ADMINISTRATION\n\t\t\t<\/a>\n\t\t<h1><a href=\"https:\/\/horizoncentre.ca\/internet-safety\/\" target=\"_self\" rel=\"noopener noreferrer\"><\/a><\/h1>\t\t\n\t\t\t<h3>VOUS AVEZ CONSULT\u00c9 NOTRE SITE WEB ET VOUS CRAIGNEZ QUELQU\u2019UN LE SACHE ?<\/h3>\n\t\t\t<a href=\"https:\/\/horizoncentre.ca\/internet-safety\/\" target=\"_self\" role=\"button\" rel=\"noopener noreferrer\">\n\t\t\t\t\t\t\tCLIQUEZ ICI\n\t\t\t<\/a>\n","protected":false},"excerpt":{"rendered":"<p>QUI SOMMES-NOUS ET QUE FAISONS-NOUS Le Centre Horizon pour femmes\u00a0offre des services aux victimes de violence familiale et d\u2019agression sexuelle ainsi qu\u2019aux femmes en situation de crise ou qui ont besoin de soutien. Nous avons pour objectif d\u2019aider les gens \u00e0 venir \u00e0 bout des probl\u00e8mes auxquels ils sont aux prises. Pour ce faire, nous&hellip;<\/p>\n","protected":false},"author":1,"featured_media":0,"parent":0,"menu_order":0,"comment_status":"closed","ping_status":"open","template":"","meta":{"footnotes":""},"class_list":["post-203","page","type-page","status-publish","hentry"],"_links":{"self":[{"href":"https:\/\/horizoncentre.ca\/fr\/wp-json\/wp\/v2\/pages\/203","targetHints":{"allow":["GET"]}}],"collection":[{"href":"https:\/\/horizoncentre.ca\/fr\/wp-json\/wp\/v2\/pages"}],"about":[{"href":"https:\/\/horizoncentre.ca\/fr\/wp-json\/wp\/v2\/types\/page"}],"author":[{"embeddable":true,"href":"https:\/\/horizoncentre.ca\/fr\/wp-json\/wp\/v2\/users\/1"}],"replies":[{"embeddable":true,"href":"https:\/\/horizoncentre.ca\/fr\/wp-json\/wp\/v2\/comments?post=203"}],"version-history":[{"count":8,"href":"https:\/\/horizoncentre.ca\/fr\/wp-json\/wp\/v2\/pages\/203\/revisions"}],"predecessor-version":[{"id":599,"href":"https:\/\/horizoncentre.ca\/fr\/wp-json\/wp\/v2\/pages\/203\/revisions\/599"}],"wp:attachment":[{"href":"https:\/\/horizoncentre.ca\/fr\/wp-json\/wp\/v2\/media?parent=203"}],"curies":[{"name":"wp","href":"https:\/\/api.w.org\/{rel}","templated":true}]}}