{"id":211,"date":"2014-12-18T16:14:14","date_gmt":"2014-12-18T16:14:14","guid":{"rendered":"http:\/\/horizoncentre.ca\/?page_id=211"},"modified":"2020-12-04T17:43:39","modified_gmt":"2020-12-04T17:43:39","slug":"services-et-programmes","status":"publish","type":"page","link":"https:\/\/horizoncentre.ca\/fr\/services-et-programmes\/","title":{"rendered":"Services et programmes"},"content":{"rendered":"<h2>\n\t\tSERVICES OFFERTS :\n\t<\/h2>\n\t\t<h3>Service t\u00e9l\u00e9phonique sans frais offert jour et nuit<\/h3>\t\t\n\t\t<h3>Counseling<\/h3>\t\t\n\t\t<h3>Soutien et intervention<\/h3>\t\t\n\t\t<h3>Refuge de courte dur\u00e9e pour les femmes et les enfants<\/h3>\t\t\n\t\t<h3>Soutien aux personnes \u00e2g\u00e9es victimes de mauvais traitements<\/h3>\t\t\n\t\t<h3>Information et recommandation<\/h3>\t\t\n\t\t<h3>Soutien individuel et de groupe \u00e0 l\u2019intention des femmes et des enfants<\/h3>\t\t\n\t\t<h3>\u00c9ducation du public et renseignements<\/h3>\t\t\n\t\t<h3>Accompagnement (tribunal, avocat, police, etc. )<\/h3>\t\t\n<h2>\n\t\tREFUGE D\u2019URGENCE\n\t<\/h2>\n\t<p>Nous offrons un refuge d\u2019urgence de courte dur\u00e9e pour r\u00e9pondre aux besoins des femmes et des enfants qui fuient une relation de violence ou qui vivent une urgence en mati\u00e8re de logement ou une autre situation de crise.<\/p>\n<p>Tu peux venir habiter temporairement au centre avec tes enfants. Ici tu pourras\u00a0:<\/p>\n\t<ul>\n\t\t<li>\t\t\t\t\n\t\tTe sentir en s\u00e9curit\u00e9<\/li><li>\t\t\t\t\n\t\tDiscuter avec les conseill\u00e8res jour et nuit de tes sentiments, tes besoins et tes projets<\/li><li>\t\t\t\t\n\t\t\u00catre inform\u00e9e et aid\u00e9e dans tes d\u00e9marches (aide juridique, aide financi\u00e8re, recherche d\u2019un logement, etc)<\/li><li>\t\t\t\t\n\t\tTe sentir soutenue et respect\u00e9e quels que soient tes choix<\/li><li>\t\t\t\t\n\t\tFaire un plan de s\u00e9curit\u00e9 pour toi et tes enfants<\/li>\t<\/ul>\n<h2>\n\t\tLIGNE-SECOURS\n\t<\/h2>\n\t<p>Les femmes et les enfants qui ont besoin de soutien ou qui vivent une situation de crise peuvent nous appeler, sans frais, 24 heures sur 24, gr\u00e2ce \u00e0 notre ligne secours. Les membres de notre personnel sont attentionn\u00e9s et sauront leur procurer toutes sortes de renseignements ou les diriger vers d\u2019autres organismes.<\/p>\n<p>Tu peux parler \u00e0 une conseill\u00e8re jour et nuit si\u00a0:<\/p>\n\t<ul>\n\t\t<li>\t\t\t\t\n\t\tTu as peur, tu as de la peine et tu veux en parler<\/li><li>\t\t\t\t\n\t\tTu te questionnes face \u00e0 ta relation et ton, ta partenaire<\/li><li>\t\t\t\t\n\t\tTu te sens confuse et impuissante face \u00e0 ton avenir<\/li><li>\t\t\t\t\n\t\tTu veux de l\u2019information sur tes droits, tes options et les services offerts dans la communaut\u00e9<\/li>\t<\/ul>\n<h1>\n\t\tSERVICE DE LIAISON COMMUNAUTAIRE POUR FEMMES\n\t<\/h1>\n\t<h3>\n\t\t\t\tQU\u2019EST CE QUE L\u2019AGENCE DE LIAISON COMMUNAUTAIRE?\n\t\t\t<\/h3>\n\t<ul>\n<li>Service offert par le\u00a0Centre\u00a0Horizon pour femmes<\/li>\n<li>Service non r\u00e9sidentiel volontaire pour les femmes qui sont ou ont \u00e9t\u00e9 abus\u00e9es physiquement, \u00e9motionnellement ou sexuellement par leur partenaire ou quelqu\u2019un d\u2019autre<\/li>\n<li>Programme con\u00e7u pour appuyer et habiliter les femmes \u00e0 faire des choix<\/li>\n<\/ul>\n\t<h3>\n\t\t\t\tNOS OBJECTIFS SONT :\n\t\t\t<\/h3>\n\t<ul>\n<li>\u00c9laborer un plan de s\u00e9curit\u00e9 avec les femmes qui vivent dans une situation abusive<\/li>\n<li>Conscientiser les femmes de leurs propres besoins et comment et o\u00f9 elles peuvent aller chercher les ressources pour y r\u00e9pondre<\/li>\n<li>Conscientiser les femmes qu\u2019elles ont des droits (sp\u00e9cialement le droit de vivre dans un foyer sans violence)<\/li>\n<li>Aider les femmes \u00e0 am\u00e9liorer leurs connaissances des services communautaires<\/li>\n<li>Donner un appui aux femmes dans une ambiance favorable permettant de rehausser l\u2019estime de soi<\/li>\n<li>Sensibiliser la communaut\u00e9 comment pr\u00e9venir la violence<\/li>\n<\/ul>\n\t<h3>\n\t\t\t\tSERVICES OFFERTS :\n\t\t\t<\/h3>\n\t\t<h3>Appui individuel<\/h3>\t\t\n\t\t\t<ul>\n<li>Par t\u00e9l\u00e9phone<\/li>\n<li>Visite \u00e0 domicile<\/li>\n<li>Au bureau m\u00eame<\/li>\n<\/ul>\n\t\t<h3>Groupe de soutien<\/h3>\t\t\n\t\t\t<p>Qui donne appui, de\u00a0l\u2019information et l\u2019occasion de pouvoir discuter diff\u00e9rents sujets tels que la col\u00e8re, l\u2019affirmation de soi, les relations saines etc\u2026<\/p>\n\t\t<h3>Accompagnement<\/h3>\t\t\n\t\t\t<p>\u00c0 la cour, chez l\u2019avocat, \u00e0 la police, l\u2019h\u00f4pital et autres<\/p>\n\t\t<h3>Porte-parole<\/h3>\t\t\n\t\t\t<p>Permet d\u2019intervenir au nom de la cliente afin d\u2019assurer que les diff\u00e9rents services r\u00e9pondent ad\u00e9quatement \u00e0 ses besoins<\/p>\n\t\t<h3>Referrals<\/h3>\t\t\n\t\t\t<p>Providing information and linkages to the appropriate community services available<\/p>\n\t\t<h3>Public Education<\/h3>\t\t\n\t\t\t<p>Providing public presentations or mini-workshops on awareness of woman abuse or family violence issues<\/p>\n<h1>\n\t\tPROGRAMME EN APPUI TRANSITOIRE\n\t<\/h1>\n\t<h3>\n\t\t\t\tLE POURQUOI DU PROGRAMME\u2026\n\t\t\t<\/h3>\n\t<ul>\n<li>T\u2019aider \u00e0 comprendre le cycle de la violence et les diff\u00e9rentes sortes d\u2019abus<\/li>\n<li>Te soutenir dans un plan pour vivre sans violence, ind\u00e9pendante et heureuse<\/li>\n<li>T\u2019informer sur les autres services de la communaut\u00e9 qui pourront aussi t\u2019aider<\/li>\n<li>Am\u00e9liorer ta s\u00e9curit\u00e9 et celle de tes enfants<\/li>\n<\/ul>\n\t<h3>\n\t\t\t\tCOMMENT POUVONS-NOUS T\u2019AIDER?\n\t\t\t<\/h3>\n\t<p>Nous te soutiendrons et t\u2019aiderons \u00e0 franchir les obstacles rencontr\u00e9s, et nous te dirigerons vers les diff\u00e9rents services de la communaut\u00e9, dont tu pourrais avoir besoin, afin de\u00a0:<\/p>\n<ul>\n<li>T\u2019aider si tu veux faire un retour aux \u00e9tudes<\/li>\n<li>Regarder avec toi les options pour trouver un emploi<\/li>\n<li>Obtenir un logement ad\u00e9quat<\/li>\n<li>Trouver les ressources qui r\u00e9pondront aux besoins de tes enfants<\/li>\n<li>Identifier des moyens d\u2019am\u00e9liorer ta situation financi\u00e8re<\/li>\n<li>T\u2019informer sur tes droits l\u00e9gaux, t\u2019accompagner si n\u00e9cessaire<\/li>\n<li>T\u2019aider \u00e0 prendre ta sant\u00e9 et ton bien-\u00eatre en main<\/li>\n<li>D\u00e9velopper avec toi un plan de s\u00e9curit\u00e9, au besoin<\/li>\n<li>T\u2019informer sur d\u2019autres services utiles<\/li>\n<\/ul>\n\t<h3>\n\t\t\t\tSUIVI :\n\t\t\t<\/h3>\n\t\t<p>Apr\u00e8s ton d\u00e9part, la conseill\u00e8re en appui transitoire pourra t\u2019aider dans ton cheminement.Avec de nouvelles connaissances viendra la force de croire en toi-m\u00eame, en ta r\u00e9ussite et de reprendre le contr\u00f4le de ta vie.Tes propres choix et d\u00e9cisions t\u2019am\u00e8neront vers un avenir plus serein et heureux.<\/p>\t\n<h1>\n\t\tPROGRAMME DE COUNSELLING POUR FEMMES\n\t<\/h1>\n\t<h3>\n\t\t\t\t\u00c0 QUI S\u2019ADRESSE CE PROGRAMME?\n\t\t\t<\/h3>\n\t\t<p>Toute femme \u00e2g\u00e9e de 16 ans ou plus qui\u00a0:<\/p>\t\n\t<ul>\n\t\t<li>\t\t\t\t\n\t\t<h3>Tente de quitter une relation abusive<\/h3 ><\/li><li>\t\t\t\t\n\t\t<h3>Songe au suicide ou \u00e0 se faire du mal<\/h3 ><\/li><li>\t\t\t\t\n\t\t<h3>Souffre des sympt\u00f4mes de d\u00e9pression<\/h3 ><\/li><li>\t\t\t\t\n\t\t<h3>Souffre d\u2019inqui\u00e9tude et de stress<\/h3 ><\/li><li>\t\t\t\t\n\t\t<h3>Fait face \u00e0 des probl\u00e8mes d\u2019estime de soi<\/h3 ><\/li>\t<\/ul>\n\t<ul>\n\t\t<li>\t\t\t\t\n\t\t<h3>Traverse un deuil<\/h3 ><\/li><li>\t\t\t\t\n\t\t<h3>Se sent incapable de surmonter ses probl\u00e8mes<\/h3 ><\/li><li>\t\t\t\t\n\t\t<h3>Fait face \u00e0 des probl\u00e8mes au travail, \u00e0 la maison ou \u00e0 l\u2019\u00e9cole<\/h3 ><\/li><li>\t\t\t\t\n\t\t<h3>A \u00e9t\u00e9 victime d\u2019abus sexuel<\/h3 ><\/li>\t<\/ul>\n<h2>\n\t\tWest Nipissing Community Kitchen\n\t<\/h2>\n\t<h3>Where anyone can have a free lunch\u00a0and donations are welcome.<\/h3>\n","protected":false},"excerpt":{"rendered":"<p>SERVICES OFFERTS : Service t\u00e9l\u00e9phonique sans frais offert jour et nuit Counseling Soutien et intervention Refuge de courte dur\u00e9e pour les femmes et les enfants Soutien aux personnes \u00e2g\u00e9es victimes de mauvais traitements Information et recommandation Soutien individuel et de groupe \u00e0 l\u2019intention des femmes et des enfants \u00c9ducation du public et renseignements Accompagnement (tribunal,&hellip;<\/p>\n","protected":false},"author":1,"featured_media":411,"parent":0,"menu_order":0,"comment_status":"closed","ping_status":"open","template":"","meta":{"footnotes":""},"class_list":["post-211","page","type-page","status-publish","has-post-thumbnail","hentry"],"_links":{"self":[{"href":"https:\/\/horizoncentre.ca\/fr\/wp-json\/wp\/v2\/pages\/211","targetHints":{"allow":["GET"]}}],"collection":[{"href":"https:\/\/horizoncentre.ca\/fr\/wp-json\/wp\/v2\/pages"}],"about":[{"href":"https:\/\/horizoncentre.ca\/fr\/wp-json\/wp\/v2\/types\/page"}],"author":[{"embeddable":true,"href":"https:\/\/horizoncentre.ca\/fr\/wp-json\/wp\/v2\/users\/1"}],"replies":[{"embeddable":true,"href":"https:\/\/horizoncentre.ca\/fr\/wp-json\/wp\/v2\/comments?post=211"}],"version-history":[{"count":9,"href":"https:\/\/horizoncentre.ca\/fr\/wp-json\/wp\/v2\/pages\/211\/revisions"}],"predecessor-version":[{"id":613,"href":"https:\/\/horizoncentre.ca\/fr\/wp-json\/wp\/v2\/pages\/211\/revisions\/613"}],"wp:featuredmedia":[{"embeddable":true,"href":"https:\/\/horizoncentre.ca\/fr\/wp-json\/wp\/v2\/media\/411"}],"wp:attachment":[{"href":"https:\/\/horizoncentre.ca\/fr\/wp-json\/wp\/v2\/media?parent=211"}],"curies":[{"name":"wp","href":"https:\/\/api.w.org\/{rel}","templated":true}]}}