{"id":217,"date":"2014-12-18T16:14:41","date_gmt":"2014-12-18T16:14:41","guid":{"rendered":"http:\/\/horizoncentre.ca\/?page_id=217"},"modified":"2020-11-11T16:13:15","modified_gmt":"2020-11-11T16:13:15","slug":"lagression-demasquee","status":"publish","type":"page","link":"https:\/\/horizoncentre.ca\/fr\/lagression-demasquee\/","title":{"rendered":"L\u2019agression d\u00e9masqu\u00e9e"},"content":{"rendered":"<h2>\n\t\tC\u2019EST UN CRIME!\n\t<\/h2>\n\t<p>L\u2019agression contre la conjointe est un crime et elle peut avoir de graves s\u00e9quelles sur les femmes et sur les enfants qui en sont t\u00e9moins.<\/p>\n\t<h3>\n\t\t\t\tTOUTES LES AGRESSIONS\u2026\n\t\t\t<\/h3>\n\t\t<p>Toutes les agressions doivent \u00eatre prises au s\u00e9rieux. Toutes les agressions sont nuisibles. Bien que les r\u00e9sultats de certaines formes d\u2019agression soient plus visibles que d\u2019autres, il n\u2019est pas juste de dire que l\u2019agression visible est plus grave que celle qui ne l\u2019est pas. Ce ne sont pas toutes les formes d\u2019agression qui aboutissent \u00e0 la violence physique. Cependant, presque tous les cas de violence physique commencent par la violence psychologique.<\/p>\t\n\t<h3>\n\t\t\t\tLE PARTENAIRE QUI EST AGRESSEUR SEXUEL\n\t\t\t<\/h3>\n\t\t<ul><li>peut dire n\u2019importe quoi qui vous am\u00e8ne \u00e0 ne pas aimer votre image de soi et votre corps;<\/li><li>peut vous insulter sur le plan sexuel;<\/li><li>peut faire des avances de naturelle sexuelle \u00e0 d\u2019autres personnes;<\/li><li>peut vous forcer \u00e0 faire des actes sexuels contre votre gr\u00e9;<\/li><li>peut vous forcer \u00e0 avoir des rapports sexuels.<\/li><\/ul>\t\n\t<h3>\n\t\t\t\tL\u2019AGRESSION SEXUELLE \u2013 DISSIPONS LES MYTHES\n\t\t\t<\/h3>\n\t\t\t\t\t\t\t\t\t\t\t\t\t\t\t<h2>Les agressions sont plus souvent qu\u2019autrement commises par un \u00e9tranger.<\/h2>\n\t\t\t<!-- END .front -->\n\t\t\t\t\t\t\t\t\t\t<h2>FAUX<\/h2>\n\t\t\t\t\t\t<p>69 p. 100 des agressions sexuelles sont commises par une connaissance.<\/p>\t\t\t\t\t\n\t\t\t<!-- END .back -->\n\t\t <!-- ifb-flip-box -->\n\t <!-- flip-box -->\n\t\t\t\t\t\t\t\t\t\t\t\t\t\t\t<h2>La meilleure fa\u00e7on dont une femme peut se prot\u00e9ger contre une agression sexuelle est d\u2019\u00e9viter de se promener toute seule la nuit dans un endroit isol\u00e9 tel qu\u2019une ruelle ou un parc de stationnement.<\/h2>\n\t\t\t<!-- END .front -->\n\t\t\t\t\t\t\t\t\t\t<h2>FAUX<\/h2>\n\t\t\t\t\t\t<p>La plupart des agressions sexuelles se produisent dans les maisons priv\u00e9es (60 p. 100) et la plupart d\u2019entre elles (38 p. 100) surviennent au domicile de la victime.<\/p>\t\t\t\t\t\n\t\t\t<!-- END .back -->\n\t\t <!-- ifb-flip-box -->\n\t <!-- flip-box -->\n\t\t\t\t\t\t\t\t\t\t\t\t\t\t\t<h2>Les hommes qui agressent une femme sexuellement sont soit atteints d\u2019une maladie mentale ou ils n\u2019ont pas eu de rapports sexuels depuis longtemps.<\/h2>\n\t\t\t<!-- END .front -->\n\t\t\t\t\t\t\t\t\t\t<h2>FAUX<\/h2>\n\t\t\t\t\t\t<p>Les femmes de tout \u00e2ge et ayant divers types corporels ainsi que celles venant de divers milieux culturels, raciaux, religieux et socio\u00e9conomiques, y compris les femmes autochtones, les immigrantes, celles qui vivent en milieu rural, les femmes \u00e2g\u00e9es et les femmes ayant un handicap peuvent \u00eatre vicitimes d\u2019agression sexuelle.<\/p>\t\t\t\t\t\n\t\t\t<!-- END .back -->\n\t\t <!-- ifb-flip-box -->\n\t <!-- flip-box -->\n\t\t\t\t\t\t\t\t\t\t\t\t\t\t\t<h2>Les femmes provoquent l\u2019agression sexuelle par leur apparence ou leur comportement. Les femmes qui subissent une agression sexuelle \u00ab l\u2019ont cherch\u00e9e \u00bb.<\/h2>\n\t\t\t<!-- END .front -->\n\t\t\t\t\t\t\t\t\t\t<h2>FAUX<\/h2>\n\t\t\t\t\t\t<p>Les femmes ont toujours le droit de refuser de participer \u00e0 des actes sexuels. Les agresseurs disent souvent que les femmes \u00ab l\u2019ont cherch\u00e9e \u00bb afin de rationaliser leur comportement.<\/p>\t\t\t\t\t\n\t\t\t<!-- END .back -->\n\t\t <!-- ifb-flip-box -->\n\t <!-- flip-box -->\n\t\t\t\t\t\t\t\t\t\t\t\t\t\t\t<h2>M\u00eame si une femme dit &lsquo;non&rsquo;, secr\u00e8tement, elle aime qu\u2019on la force \u00e0 avoir des rapports sexuels.<\/h2>\n\t\t\t<!-- END .front -->\n\t\t\t\t\t\t\t\t\t\t<h2>FAUX<\/h2>\n\t\t\t\t\t\t<p>\u00ab\u00a0NON\u00a0\u00bb, c\u2019est \u00ab\u00a0NON\u00a0\u00bb \u2013 quelle que soit la situation.<\/p>\t\t\t\t\t\n\t\t\t<!-- END .back -->\n\t\t <!-- ifb-flip-box -->\n\t <!-- flip-box -->\n\t\t\t\t\t\t\t\t\t\t\t\t\t\t\t<h2>Une femme qui a d\u00e9j\u00e0, par le pass\u00e9, consenti \u00e0 avoir des rapports sexuels avec le m\u00eame partenaire (par exemple, son mari ou son petit ami) ne peut pas \u00eatre viol\u00e9e.<\/h2>\n\t\t\t<!-- END .front -->\n\t\t\t\t\t\t\t\t\t\t<h2>FAUX<\/h2>\n\t\t\t\t\t\t<p>Une femme qui a d\u00e9j\u00e0, par le pass\u00e9, consenti \u00e0 avoir des rapports sexuels avec le m\u00eame partenaire (par exemple, son mari ou son petit ami) ne peut pas \u00eatre viol\u00e9e.<\/p>\t\t\t\t\t\n\t\t\t<!-- END .back -->\n\t\t <!-- ifb-flip-box -->\n\t <!-- flip-box -->\n\t<h1>\n\t\t\t\tLE SAVIEZ-VOUS?\n\t\t\t<\/h1>\n<h1>\n\t\t50p. 100\n\t<\/h1>\n<h3>\n\t\tde toutes les Canadiennes (de 16 ans ou plus) ont d\u00e9j\u00e0 \u00e9t\u00e9 victimes d\u2019au moins un acte de violence.\n\t<\/h3>\n<h1>\n\t\t50p. 100\n\t<\/h1>\n<h3>\n\t\td\u2019entre elles ont signal\u00e9 que l\u2019acte de violence avait \u00e9t\u00e9 commis par un homme qu\u2019elles connaissaient.\n\t<\/h3>\n<h1>\n\t\t30p. 100\n\t<\/h1>\n<h3>\n\t\tdes Canadiennes sont victimes d\u2019un acte de violence commis par leur partenaire actuel ou par un ancien partenaire.\n\t<\/h3>\n<h1>\n\t\t3x\n\t<\/h1>\n<h3>\n\t\tplus de femmes subissent des blessures aux mains de leur partenaire que dans des accidents de la route.\n\t<\/h3>\n<h1>\n\t\t1 en 6\n\t<\/h1>\n<h3>\n\t\tfemme enceinte est victime de mauvais traitement\n\t<\/h3>\n<h1>\n\t\t45p. 100\n\t<\/h1>\n<h3>\n\t\tdes agressions entra\u00eenent une blessure.\n\t<\/h3>\n<h1>\n\t\t28p. 100\n\t<\/h1>\n<h3>\n\t\tdes blessures n\u00e9cessitent des soins m\u00e9dicaux.\n\t<\/h3>\n<h1>\n\t\t6-8p. 100\n\t<\/h1>\n<h3>\n\t\tdes visites par des femmes au Service des urgences sont li\u00e9es \u00e0 une agression.\n\t<\/h3>\n\t<h3>\n\t\t\t\tD\u00c9FINITIONS DES SORTES DE MAUVAIS TRAITEMENTS\n\t\t\t<\/h3>\n\t\t\t\t\t\t\t\t\t\t\t\t\t\t\t<h2>Violence physique<\/h2>\n\t\t\t<!-- END .front -->\n\t\t\t\t\t\t\t\t\t\t<h2>PHYSICAL ABUSE<\/h2>\n\t\t\t\t\t\t<p>Frapper, bousculer, gifler, donner des coups de pied, \u00e9touffer, utiliser une arme, menacer de causer des voies de fait.<\/p>\t\t\t\t\t\n\t\t\t<!-- END .back -->\n\t\t <!-- ifb-flip-box -->\n\t <!-- flip-box -->\n\t\t\t\t\t\t\t\t\t\t\t\t\t\t\t<h2>Agression sexuelle<\/h2>\n\t\t\t<!-- END .front -->\n\t\t\t\t\t\t\t\t\t\t<h2>SEXUAL ASSAULT<\/h2>\n\t\t\t\t\t\t<p>Forcer une femme \u00e0 avoir des rapports sexuels contre son gr\u00e9, ce qui inclut le contact, les baisers et les attouchements importuns ainsi que les menaces \u00e0 caract\u00e8re sexuel.<\/p>\t\t\t\t\t\n\t\t\t<!-- END .back -->\n\t\t <!-- ifb-flip-box -->\n\t <!-- flip-box -->\n\t\t\t\t\t\t\t\t\t\t\t\t\t\t\t<h2>Violence psychologique ou morale<\/h2>\n\t\t\t<!-- END .front -->\n\t\t\t\t\t\t\t\t\t\t<h2>PSYCHOLOGICAL \/ EMOTIONAL ABUSE<\/h2>\n\t\t\t\t\t\t<p>Prof\u00e9rer des insultes ou des injures, bl\u00e2mer, menacer de se suicider et tenter de contr\u00f4ler les pens\u00e9es, les contacts sociaux, les activit\u00e9s et le comportement d\u2019une autre personne.<\/p>\t\t\t\t\t\n\t\t\t<!-- END .back -->\n\t\t <!-- ifb-flip-box -->\n\t <!-- flip-box -->\n\t\t\t\t\t\t\t\t\t\t\t\t\t\t\t<h2>Exploitation financi\u00e8re<\/h2>\n\t\t\t<!-- END .front -->\n\t\t\t\t\t\t\t\t\t\t<h2>ECONOMIC ABUSE<\/h2>\n\t\t\t\t\t\t<p>Limiter l\u2019acc\u00e8s aux ressources financi\u00e8res, notamment emp\u00eacher une autre personne d\u2019obtenir un emploi.<\/p>\t\t\t\t\t\n\t\t\t<!-- END .back -->\n\t\t <!-- ifb-flip-box -->\n\t <!-- flip-box -->\n\t<h3>\n\t\t\t\tLES EFFETS DES MAUVAIS TRAITEMENTS\n\t\t\t<\/h3>\n\t<p>La d\u00e9pression<\/p>\n<p>L\u2019anxi\u00e9t\u00e9<\/p>\n<p>La confusion<\/p>\n<p>Les troubles du sommeil<\/p>\n<p>Les pens\u00e9es suicidaires<\/p>\n<p>L\u2019abus d\u2019alcool ou de drogues<\/p>\n<p>Les crises de peur et d\u2019anxi\u00e9t\u00e9<\/p>\n\t<h3>\n\t\t\t\tSI VOUS CONNAISSEZ QUELQU\u2019UN QUI SUBIT DES MAUVAIS TRAITEMENTS\n\t\t\t<\/h3>\n\t<ul>\n<li>Offrez-lui votre soutien, pr\u00eatez-lui une oreille attentive et faites preuve de patience.<\/li>\n<li>Encouragez-la \u00e0 obtenir de l\u2019aide et un refuge.<\/li>\n<li>Dites-lui qu\u2019elle ne m\u00e9rite pas de se faire maltraiter \u2013 que ce n\u2019est pas de sa faute.<\/li>\n<li>Connaissez les num\u00e9ros des services d\u2019urgence fournis dans votre r\u00e9gion.<\/li>\n<li>Pr\u00e9parez un sac d\u2019urgence contenant cl\u00e9s, pi\u00e8ce d\u2019identit\u00e9, documents juridiques, argent et m\u00e9dicaments.<\/li>\n<li>Ne prenez que ce que pouvez prendre sans danger!<\/li>\n<\/ul>\n\t<h3>\n\t\t\t\tL\u2019AGRESSION SEXUELLE PENDANT L\u2019ENFANCE FAITS NOTARIES\n\t\t\t<\/h3>\n\t\t<p>Bon nombre de survivantes \u2013 jusqu\u2019\u00e0 50 p. 100 d\u2019entre elles estime-t-on \u2013 ne se souviennent de l\u2019agression que plusieurs ann\u00e9es apr\u00e8s qu\u2019elle a \u00e9t\u00e9 commise. C\u2019est habituellement un incident qui se produit \u00e0 l\u2019\u00e2ge adulte qui \u00e9voque le souvenir. Certaines personnes ne parviennent jamais \u00e0 se rappeler clairement l\u2019agression.<\/p>\t\n\t\t\t<h3> Les survivantes ont souvent la fausse impression qu\u2019elles sont responsables de l\u2019agression dont elles ont \u00e9t\u00e9 victimes.<\/h3>\t\t\n\t\t\t<h3> Par cons\u00e9quent, elles se sentent extr\u00eamement coupables et se bl\u00e2ment<\/h3>\t\t\n\t\t\t<h3> La plupart des agresseurs disent aux enfants que c\u2019est de leur faute s\u2019ils se font maltraiter, c\u2019est \u00e0 dire que plut\u00f4t que de se bl\u00e2mer, comme il se doit, ils jettent le bl\u00e2me sur les enfants.<\/h3>\t\t\n\t\t\t<h3> Dans le cadre d\u2019un sondage men\u00e9 au Canada r\u00e9cemment (1991) aupr\u00e8s des femmes purgeant une peine dans des p\u00e9nitenciers f\u00e9d\u00e9raux, 53 p. 100 des participantes ont signal\u00e9 avoir \u00e9t\u00e9 agress\u00e9es sexuellement \u00e0 un moment donn\u00e9 pendant leur vie, le plus souvent pendant l\u2019enfance ou l\u2019adolescence.<\/h3>\t\t\n\t\t\t<h3> Les enfants ayant un handicap sont particuli\u00e8rement \u00e0 risque de subir une agression sexuelle.<\/h3>\t\t\n\t\t\t<h3> En effet, le risque chez ces enfants est sup\u00e9rieur de 50 p. 100 \u00e0 celui que courent les enfants non handicap\u00e9s du m\u00eame groupe d\u2019\u00e2ge et du m\u00eame sexe.<\/h3>\t\t\n\t\t\t<h3> Dans le cadre d\u2019un sondage men\u00e9 au Canada r\u00e9cemment (1991) aupr\u00e8s des femmes purgeant une peine dans des p\u00e9nitenciers f\u00e9d\u00e9raux, 53 p. 100 des participantes ont signal\u00e9 avoir \u00e9t\u00e9 agress\u00e9es sexuellement \u00e0 un moment donn\u00e9 pendant leur vie, le plus souvent pendant l\u2019enfance ou l\u2019adolescence.<\/h3>\t\t\n\t\t\t<h3> Les enfants ayant un handicap sont particuli\u00e8rement \u00e0 risque de subir une agression sexuelle.<\/h3>\t\t\n\t\t\t<h3> En effet, le risque chez ces enfants est sup\u00e9rieur de 50 p. 100 \u00e0 celui que courent les enfants non handicap\u00e9s du m\u00eame groupe d\u2019\u00e2ge et du m\u00eame sexe.<\/h3>\t\t\n\t\t\t<h3> De nombreuses \u00e9tudes ont fait \u00e9tat du lien direct qui existe entre l\u2019agression sexuelle pendant l\u2019enfance et la prostitution \u00e0 l\u2019adolescence ou \u00e0 l\u2019\u00e2ge adulte. On estime qu\u2019entre 76 p. 100 et 90 p. 100 des prostitu\u00e9es ont fait l\u2019objet d\u2019agression sexuelle pendant leur enfance, plus commun\u00e9ment d\u2019inceste (l\u2019agression sexuelle d\u2019un enfant commise par un membre de la famille).<\/h3>\t\t\n\t\t\t<h3> De plus en plus de survivantes r\u00e9v\u00e8lent qu\u2019elles ont \u00e9t\u00e9 victimes de violence rituelle. Les \u00e9tudes montrent que ce genre d\u2019agression, qui se caract\u00e9rise par des actes r\u00e9p\u00e9titifs et syst\u00e9matiques de violence sexuelle, physique, psychologique et spirituelle \u00e0 l\u2019\u00e9gard des enfants, est plus r\u00e9pandu qu\u2019on ne l\u2019avait d\u2019abord cru et il entra\u00eene de graves s\u00e9quelles.<\/h3>\t\t\n\t<h2>\n\t\tCARACT\u00c9RISTIQUES DES FEMMES ABUS\u00c9ES ET DE LEURS AGRESSEURS\n\t<\/h2>\n\t<h3>\n\t\t\t\tFEMME ABUS\u00c9ES\n\t\t\t<\/h3>\n\t\t<ul><li>Manque d\u2019estime de soi<\/li><li>Croit tous les mythes concernant les relations caract\u00e9ris\u00e9es par l\u2019agression<\/li><li>Est traditionaliste au foyer, c\u2019est-\u00e0-dire qu\u2019elle croit fermement \u00e0 l\u2019unit\u00e9 familiale et au r\u00f4le f\u00e9minin st\u00e9r\u00e9otyp\u00e9.<\/li><li>Assume la responsabilit\u00e9 des gestes pos\u00e9s par l\u2019agresseur.<\/li><li>Souffre de culpabilit\u00e9, mais nie la terreur et la col\u00e8re qu\u2019elle \u00e9prouve.<\/li><li>Donne l\u2019impression d\u2019\u00eatre passive, mais a la force de manipuler son milieu de sorte \u00e0 ne pas se faire tuer.<\/li><li>Pr\u00e9sente de graves r\u00e9actions au stress et se plaint de malaises psychologiques.<\/li><li>Utilise le sexe comme moyen d\u2019\u00e9tablir l\u2019intimit\u00e9.<\/li><li>Est trait\u00e9e comme \u00ab la petite fille de papa \u00bb (comme une enfant).<\/li><li>Croit que personne d\u2019autre ne peut l\u2019aider \u00e0 \u00e9chapper \u00e0 cette situation f\u00e2cheuse.<\/li><\/ul>\t\n\t<h3>\n\t\t\t\tAGRESSEUR\n\t\t\t<\/h3>\n\t\t<ul><li>Manque d\u2019estime de soi<\/li><li>Croit tous les mythes concernant les relations caract\u00e9ris\u00e9es par l\u2019agression<\/li><li>Est traditionaliste au foyer, c\u2019est-\u00e0-dire qu\u2019il croit \u00e0 la supr\u00e9matie de l\u2019homme et au r\u00f4le masculin st\u00e9r\u00e9otyp\u00e9 au sein de la famille.<\/li><li>Bl\u00e2me ses gestes sur les autres.<\/li><li>Est pathologiquement jaloux et s\u2019ing\u00e8re dans la vie de sa conjointe.<\/li><li>Montre deux visages, comme le Dr. Jekyll et Mr. Hyde.<\/li><li>Pr\u00e9sente de graves r\u00e9actions au stress et s\u2019y adapte en abusant d\u2019alcool et en maltraitant sa conjointe.<\/li><li>Utilise le sexe comme geste d\u2019agression, souvent pour surmonter l\u2019impuissance ou la bisexualit\u00e9.<\/li><li>A souffert de mauvais traitements ou de n\u00e9gligence pendant son enfance.<\/li><li>Ne croit pas que ses comportements violents devraient avoir des effets n\u00e9gatifs.<\/li><\/ul>\t\n\t\t\t\t<a href=\"https:\/\/horizoncentre.ca\/wp-content\/uploads\/cycleofabuse_fr-180x300-1.jpg\" target=\"_self\" itemprop=\"url\" rel=\"noopener noreferrer\">\n\t\t\t\t<img loading=\"lazy\" decoding=\"async\" src=\"https:\/\/horizoncentre.ca\/wp-content\/uploads\/cycleofabuse_fr-180x300-1.jpg\" alt=\"cycleofabuse_fr-180x300\" itemprop=\"image\" height=\"300\" width=\"180\" title=\"cycleofabuse_fr-180x300\" onerror=\"this.style.display='none'\"  \/>\n\t\t\t\t<\/a>\n","protected":false},"excerpt":{"rendered":"<p>C\u2019EST UN CRIME! L\u2019agression contre la conjointe est un crime et elle peut avoir de graves s\u00e9quelles sur les femmes et sur les enfants qui en sont t\u00e9moins. TOUTES LES AGRESSIONS\u2026 Toutes les agressions doivent \u00eatre prises au s\u00e9rieux. Toutes les agressions sont nuisibles. Bien que les r\u00e9sultats de certaines formes d\u2019agression soient plus visibles&hellip;<\/p>\n","protected":false},"author":1,"featured_media":567,"parent":0,"menu_order":0,"comment_status":"closed","ping_status":"open","template":"","meta":{"footnotes":""},"class_list":["post-217","page","type-page","status-publish","has-post-thumbnail","hentry"],"_links":{"self":[{"href":"https:\/\/horizoncentre.ca\/fr\/wp-json\/wp\/v2\/pages\/217","targetHints":{"allow":["GET"]}}],"collection":[{"href":"https:\/\/horizoncentre.ca\/fr\/wp-json\/wp\/v2\/pages"}],"about":[{"href":"https:\/\/horizoncentre.ca\/fr\/wp-json\/wp\/v2\/types\/page"}],"author":[{"embeddable":true,"href":"https:\/\/horizoncentre.ca\/fr\/wp-json\/wp\/v2\/users\/1"}],"replies":[{"embeddable":true,"href":"https:\/\/horizoncentre.ca\/fr\/wp-json\/wp\/v2\/comments?post=217"}],"version-history":[{"count":11,"href":"https:\/\/horizoncentre.ca\/fr\/wp-json\/wp\/v2\/pages\/217\/revisions"}],"predecessor-version":[{"id":574,"href":"https:\/\/horizoncentre.ca\/fr\/wp-json\/wp\/v2\/pages\/217\/revisions\/574"}],"wp:featuredmedia":[{"embeddable":true,"href":"https:\/\/horizoncentre.ca\/fr\/wp-json\/wp\/v2\/media\/567"}],"wp:attachment":[{"href":"https:\/\/horizoncentre.ca\/fr\/wp-json\/wp\/v2\/media?parent=217"}],"curies":[{"name":"wp","href":"https:\/\/api.w.org\/{rel}","templated":true}]}}