{"id":231,"date":"2014-12-18T16:14:54","date_gmt":"2014-12-18T16:14:54","guid":{"rendered":"http:\/\/horizoncentre.ca\/?page_id=231"},"modified":"2020-12-04T18:10:18","modified_gmt":"2020-12-04T18:10:18","slug":"vos-enfants","status":"publish","type":"page","link":"https:\/\/horizoncentre.ca\/fr\/vos-enfants\/","title":{"rendered":"Vos Enfants"},"content":{"rendered":"<h2>\n\t\tLES EFFETS QUE RESSENTENT LES ENFANTS QUI SONT T\u00c9MOINS DE VIOLENCE AU FOYER\n\t<\/h2>\n\t<h3>\n\t\t\t\tR\u00c9ALIT\u00c9S :\n\t\t\t<\/h3>\n\t<ul>\n<li>Les jeunes enfants sont tout aussi affect\u00e9s par la violence que les enfants plus \u00e2g\u00e9s.<br \/>\nIls peuvent d\u00e9crire en d\u00e9tail les incidents violents dont ils ont \u00e9t\u00e9 t\u00e9moins.<\/li>\n<li>Tous les enfants qui sont t\u00e9moins de violence souffrent sur le plan du d\u00e9veloppement affectif et comportemental.<\/li>\n<li>Ils manquent d\u2019estime de soi.<\/li>\n<li>Ils \u00e9prouvent impuissance, d\u00e9sespoir et d\u00e9pression.<\/li>\n<li>Les enfants de foyers violents finissent par croire que la violence est un moyen efficace de r\u00e9soudre des probl\u00e8mes et qu\u2019elle entra\u00eene peu de cons\u00e9quences.<\/li>\n<li>Les effets particuliers comprennent l\u2019anxi\u00e9t\u00e9, les troubles du sommeil, la col\u00e8re, le stress, la confusion, la solitude, la culpabilit\u00e9, la tristesse, la honte, l\u2019\u00e9nur\u00e9sie, les acc\u00e8s de col\u00e8re, la destruction, la malhonn\u00eatet\u00e9, ainsi de suite.<\/li>\n<li>Les enfants qui grandissent dans un foyer violent finissent souvent, \u00e0 l\u2019\u00e2ge adulte, par \u00eatre eux m\u00eames victimes de violence ou agresseurs!<\/li>\n<\/ul>\n\t<h3>\n\t\t\t\tCOMMENT POUVEZ-VOUS AIDER UN ENFANT QUI A \u00c9T\u00c9 T\u00c9MOIN DE VIOLENCE AU FOYER OU DE VIOLENCE FAMILIALE?\n\t\t\t<\/h3>\n\t\t<ul>\n<li>Donnez-lui l\u2019occasion de raconter son histoire.<\/li>\n<li>Croyez ce qu\u2019il vous dit.<\/li>\n<li>Orientez-le vers un service de soutien offert dans la r\u00e9gion.<\/li>\n<li>Assurez-vous qu\u2019il sait se prot\u00e9ger sur les plans affectif et physique en s\u2019exer\u00e7ant \u00e0 ex\u00e9cuter un plan de secours.<\/li>\n<li>Dites-lui qu\u2019aucun type de violence ou d\u2019agression n\u2019est acceptable.<\/li>\n<li>Si vous avez des questions \u00e0 ce sujet, veuillez t\u00e9l\u00e9phoner \u00e0 la travailleuse de soutien aupr\u00e8s des enfants du Centre de ressources familiales Pavilion.<\/li>\n<\/ul>\n\t<h3>\n\t\t\t\tL\u2019AGRESSION ENTRE LES PARENTS ET SES EFFETS SUR LES ENFANTS\n\t\t\t<\/h3>\n\t\t<p>LES SENTIMENTS QU\u2019\u00c9PROUVENT LES ENFANTS QUAND UN PARENT MALTRAITE L\u2019AUTRE.<\/p>\t\n\t\t\t<h3>IMPUISSANTS<\/h3>\t\t\t\n\t\t\t\t<p>parce qu\u2019ils ne peuvent pas mettre fin \u00e0 la violence.<\/p>\n\t\t\t<h3>EN COL\u00c8RE<\/h3>\t\t\t\n\t\t\t\t<p>contre leur p\u00e8re parce qu\u2019il maltraite leur m\u00e8re.<\/p>\n\t\t\t<h3>CRAIGNENT<\/h3>\t\t\t\n\t\t\t\t<p>pour leur s\u00e9curit\u00e9 et pour celle des autres membres de la famille.<\/p>\n\t\t\t<h3>D\u00c9PASS\u00c9S PAR LA SITUATION<\/h3>\t\t\t\n\t\t\t\t<p>ce qui peut nuire \u00e0 leur rendement scolaire et les entra\u00eener \u00e0 s\u2019isoler de leurs amis.<\/p>\n\t\t\t<h3>COUPABLES<\/h3>\t\t\t\n\t\t\t\t<p>du fait qu\u2019ils croient, pour une raison quelconque, que la violence est de leur faute.<\/p>\n\t\t\t<h3>SANS RECOURS<\/h3>\t\t\t\n\t\t\t\t<p>parce qu\u2019ils veulent r\u00e9soudre le probl\u00e8me, mais ils finissent par se faire blesser chaque fois qu\u2019ils interviennent.<\/p>\n\t\t\t<h3>ISOL\u00c9S OU INQUIETS<\/h3>\t\t\t\n\t\t\t\t<p>se trouvant toutes sortes de pr\u00e9textes pour ne pas rentrer chez eux.<\/p>\n\t\t\t<h3>EN COL\u00c8RE<\/h3>\t\t\t\n\t\t\t\t<p>contre leur m\u00e8re, croyant que c\u2019est de sa faute.<\/p>\n\t\t\t<h3>CONFUS<\/h3>\t\t\t\n\t\t\t\t<p>parce que les parents peuvent les inciter \u00e0 choisir un camp.<\/p>\n\t\t\t<h3>MALHONN\u00caTES ET EMBARRASS\u00c9S<\/h3>\t\t\t\n\t\t\t\t<p>parce qu\u2019ils inventent toutes sortes d\u2019histoires pour expliquer \u00e0 leur famille et \u00e0 leurs amis les bleus qu\u2019a leur m\u00e8re.<\/p>\n\t<h3>\n\t\t\t\tCOMPRENDRE POURQUOI MAMAN RESTE\n\t\t\t<\/h3>\n\t<ul>\n<li>M\u00eame si la relation est marqu\u00e9e de p\u00e9riodes difficiles et d\u2019incidents violents, il y a aussi des moments chaleureux et agr\u00e9ables.<\/li>\n<li>Elle croit probablement qu\u2019elle doit rester mari\u00e9e avec son \u00e9poux jusqu\u2019\u00e0 ce que \u00ab la mort les s\u00e9pare \u00bb.<\/li>\n<li>Elle croit probablement que la violence cessera si elle ob\u00e9it comme une bonne \u00e9pouse se doit de le faire.<\/li>\n<li>Son mari l\u2019isole de sa famille et de ses amis, lui disant qu\u2019elle n\u2019a besoin de personne d\u2019autre que lui, et elle s\u2019isole parce qu\u2019elle a honte de ses bleus et de ses lac\u00e9rations.<\/li>\n<li>Elle a peur.<\/li>\n<li>Elle craint que si elle part, l\u2019agresseur la trouvera et lui fera encore plus mal;\n<ul>\n<li>elle ne pourra pas subvenir \u00e0 ses besoins ni \u00e0 ceux de ses enfants;<\/li>\n<li>son mari pourrait avoir la garde des enfants parce qu\u2019il a plus d\u2019argent qu\u2019elle et il peut se permettre un meilleur avocat.<\/li>\n<\/ul>\n<\/li>\n<\/ul>\n\t<h3>\n\t\t\t\tCONSEILS DE BASE \u00c0 DONNER \u00c0 VOS ENFANTS EN MATI\u00c8RE DE S\u00c9CURIT\u00c9\n\t\t\t<\/h3>\n\t\t<ul>\n<li>Apprendre leur nom et leur adresse par c\u0153ur, y compris la ville, la province et le comt\u00e9.<\/li>\n<li>Savoir utiliser un t\u00e9l\u00e9phone \u00e0 clavier et un t\u00e9l\u00e9phone \u00e0 cadran pour faire des appels d\u2019urgence, locaux et interurbains et pour joindre une t\u00e9l\u00e9phoniste.<\/li>\n<li>Vous aviser ou aviser un voisin d\u00e8s qu\u2019ils rentrent \u00e0 la maison.<\/li>\n<li>Ne jamais entrer dans la maison s\u2019ils remarquent qu\u2019une porte est entrouverte ou qu\u2019une fen\u00eatre est cass\u00e9e.<\/li>\n<li>Apprendre comment fonctionnent les serrures et les loquets sur les fen\u00eatres et les verrouiller quand ils sont seuls \u00e0 la maison.<\/li>\n<li>Apprendre \u00e0 activer et \u00e0 d\u00e9sactiver le syst\u00e8me d\u2019alarme ainsi que votre mot de passe.<\/li>\n<li>Ne pas entrer chez quelqu\u2019un sans avoir re\u00e7u votre permission.<\/li>\n<li>Ne jamais partir avec un autre adulte, m\u00eame si celui ci pr\u00e9tend que c\u2019est vous qui l\u2019avez envoy\u00e9. Inventez un mot code familial \u00e0 utiliser si vous devez demander \u00e0 un tiers d\u2019aller chercher vos enfants.<\/li>\n<li>\u00c9viter de marcher ou de jouer tout seul.<\/li>\n<li>Apprendre qu\u2019un \u00e9tranger, c\u2019est une personne que ni vous ni eux ne connaissez tr\u00e8s bien.<\/li>\n<li>Apprendre \u00e0 se pr\u00e9cipiter \u00e0 l\u2019endroit public le plus proche ou chez un voisin s\u2019ils se font suivre par une personne \u00e0 pied ou dans une voiture.<\/li>\n<\/ul>\n\t<h3>\n\t\t\t\tLES ENFANTS APPRENNENT CE QU\u2019ILS VIVENT\n\t\t\t<\/h3>\n\t\t<p><em>Par Dorothy Law Nolte [Traduction libre]<\/em><\/p>\t\n<p>L\u2019enfant entour\u00e9 de critiques apprend \u00e0 condamner.<\/p>\n<p>L\u2019enfant entour\u00e9 d\u2019hostilit\u00e9 apprend \u00e0 se battre.<\/p>\n<p>L\u2019enfant entour\u00e9 de peur apprend \u00e0 \u00eatre craintif.<\/p>\n<p>L\u2019enfant entour\u00e9 de piti\u00e9 apprend \u00e0 s\u2019apitoyer sur lui-m\u00eame.<\/p>\n<p>L\u2019enfant entour\u00e9 de ridicule apprend \u00e0 se sentir g\u00ean\u00e9.<\/p>\n<p>L\u2019enfant entour\u00e9 de jalousie apprend \u00e0 se sentir envieux.<\/p>\n<p>L\u2019enfant entour\u00e9 de honte apprend \u00e0 se sentir coupable.<\/p>\n<p>L\u2019enfant entour\u00e9 de soutien apprend \u00e0 avoir confiance.<\/p>\n<p>L\u2019enfant entour\u00e9 de tol\u00e9rance apprend \u00e0 \u00eatre patient.<\/p>\n<p>L\u2019enfant entour\u00e9 d\u2019\u00e9loges apprend \u00e0 appr\u00e9cier.<\/p>\n<p>L\u2019enfant entour\u00e9 d\u2019acceptation apprend \u00e0 aimer.<\/p>\n<p>L\u2019enfant entour\u00e9 d\u2019approbation apprend \u00e0 s\u2019aimer.<\/p>\n<p>L\u2019enfant entour\u00e9 de reconnaissance apprend qu\u2019il est bon de se fixer un objectif.<\/p>\n<p>L\u2019enfant entour\u00e9 de partage apprend \u00e0 \u00eatre g\u00e9n\u00e9reux.<\/p>\n<p>L\u2019enfant entour\u00e9 d\u2019honn\u00eatet\u00e9 apprend \u00e0 \u00eatre sinc\u00e8re.<\/p>\n<p>L\u2019enfant entour\u00e9 de justice apprend \u00e0 \u00eatre juste.<\/p>\n<p>L\u2019enfant entour\u00e9 de bont\u00e9 et de bienveillance apprend \u00e0 \u00eatre respectueux.<\/p>\n<p>L\u2019enfant entour\u00e9 de s\u00e9curit\u00e9 apprend \u00e0 avoir confiance en lui-m\u00eame et dans les autres.<\/p>\n<p>L\u2019enfant entour\u00e9 d\u2019amiti\u00e9 apprend que le monde est un endroit o\u00f9 il fait bon vivre.<\/p>\n","protected":false},"excerpt":{"rendered":"<p>LES EFFETS QUE RESSENTENT LES ENFANTS QUI SONT T\u00c9MOINS DE VIOLENCE AU FOYER R\u00c9ALIT\u00c9S : Les jeunes enfants sont tout aussi affect\u00e9s par la violence que les enfants plus \u00e2g\u00e9s. Ils peuvent d\u00e9crire en d\u00e9tail les incidents violents dont ils ont \u00e9t\u00e9 t\u00e9moins. Tous les enfants qui sont t\u00e9moins de violence souffrent sur le plan&hellip;<\/p>\n","protected":false},"author":1,"featured_media":439,"parent":0,"menu_order":0,"comment_status":"closed","ping_status":"open","template":"","meta":{"footnotes":""},"class_list":["post-231","page","type-page","status-publish","has-post-thumbnail","hentry"],"_links":{"self":[{"href":"https:\/\/horizoncentre.ca\/fr\/wp-json\/wp\/v2\/pages\/231","targetHints":{"allow":["GET"]}}],"collection":[{"href":"https:\/\/horizoncentre.ca\/fr\/wp-json\/wp\/v2\/pages"}],"about":[{"href":"https:\/\/horizoncentre.ca\/fr\/wp-json\/wp\/v2\/types\/page"}],"author":[{"embeddable":true,"href":"https:\/\/horizoncentre.ca\/fr\/wp-json\/wp\/v2\/users\/1"}],"replies":[{"embeddable":true,"href":"https:\/\/horizoncentre.ca\/fr\/wp-json\/wp\/v2\/comments?post=231"}],"version-history":[{"count":6,"href":"https:\/\/horizoncentre.ca\/fr\/wp-json\/wp\/v2\/pages\/231\/revisions"}],"predecessor-version":[{"id":620,"href":"https:\/\/horizoncentre.ca\/fr\/wp-json\/wp\/v2\/pages\/231\/revisions\/620"}],"wp:featuredmedia":[{"embeddable":true,"href":"https:\/\/horizoncentre.ca\/fr\/wp-json\/wp\/v2\/media\/439"}],"wp:attachment":[{"href":"https:\/\/horizoncentre.ca\/fr\/wp-json\/wp\/v2\/media?parent=231"}],"curies":[{"name":"wp","href":"https:\/\/api.w.org\/{rel}","templated":true}]}}