{"id":233,"date":"2014-12-18T16:15:09","date_gmt":"2014-12-18T16:15:09","guid":{"rendered":"http:\/\/horizoncentre.ca\/?page_id=233"},"modified":"2020-12-04T18:35:33","modified_gmt":"2020-12-04T18:35:33","slug":"interet-et-inspiration","status":"publish","type":"page","link":"https:\/\/horizoncentre.ca\/fr\/interet-et-inspiration\/","title":{"rendered":"Int\u00e9r\u00eat et inspiration"},"content":{"rendered":"<h2>\n\t\tDANS QUEL GENRE DE RELATION \u00caTES-VOUS?\n\t<\/h2>\n\t\t<h3>LA D\u00c9PENDANCE<\/h3>\t\t\n\t\t\t<p>\u00e9puisement, fatigue, b\u00e9quille, perte d\u2019\u00e9quilibre, parano\u00efa.<\/p>\n\t\t<h3>L\u2019\u00c9TOUFFEMENT<\/h3>\t\t\n\t\t\t<p>aucun mouvement, \u00e9touffant et incapacit\u00e9 de s\u2019\u00e9panouir sur les plans mental, physique, affectif et spirituel.<\/p>\n\t\t<h3>LE PI\u00c9DESTAL<\/h3>\t\t\n\t\t\t<p>d\u00e9s\u00e9quilibre des pouvoirs, impressions irr\u00e9alistes et manque de communication, absence de sentiments.<\/p>\n\t\t<h3>LE MA\u00ceTRE ET L\u2019ESCLAVE<\/h3>\t\t\n\t\t\t<p>vue comme un objet qui \u00ab appartient \u00bb \u00e0 quelqu\u2019un, propri\u00e9taire unique, manque d\u2019ind\u00e9pendance et de croissance, \u00ab C\u2019est moi qui m\u00e8ne, c\u2019est moi qui prends les d\u00e9cisions et tu es ici \u00e0 mon profit. \u00bb<\/p>\n\t\t<h3>UNE PENSION DE FAMILLE<\/h3>\t\t\n\t\t\t<p>routine, communications limit\u00e9es, aucune intimit\u00e9, la relation est en train de \u00ab s\u2019\u00e9teindre \u00bb.<\/p>\n\t\t<h3>LE MARTYR<\/h3>\t\t\n\t\t\t<p>culpabilit\u00e9, manque de communication ou communication \u00e0 sens unique.<\/p>\n<h2>\n\t\t\u00caTES-VOUS DANS UNE RELATION MALSAINE?\n\t<\/h2>\n\t<p>R\u00e9pondez \u00e0 ce petit questionnaire et d\u00e9couvrez-le.<\/p>\n\t\t\t<a href=\"https:\/\/horizoncentre.ca\/interest-inspiration\/the-relationship-quiz\/\" target=\"_self\" role=\"button\" rel=\"noopener noreferrer\">\n\t\t\t\t\t\t\tFAITES LE QUIZZ\n\t\t\t<\/a>\n\t<h3>\n\t\t\t\tLA D\u00c9CLARATION DES DROITS DES FEMMES\n\t\t\t<\/h3>\nJ\u2019ai le droit de ne pas \u00eatre maltrait\u00e9e.<br \/>\nJ\u2019ai le droit de ne pas \u00e9prouver de col\u00e8re en raison des vol\u00e9es.\n<p>J\u2019ai le droit de changer la situation.<\/p>\n<p>J\u2019ai le droit de ne pas craindre la violence.<\/p>\n<p>J\u2019ai le droit de solliciter de l\u2019aide aupr\u00e8s de la police et des organismes sociaux et de m\u2019attendre \u00e0 recevoir cette aide.<\/p>\n<p>J\u2019ai le droit de partager mes sentiments et de ne pas \u00eatre isol\u00e9e.<\/p>\n<p>J\u2019ai le droit de vouloir un meilleur mod\u00e8le de communication pour mes enfants.<\/p>\n<p>J\u2019ai le droit d\u2019\u00eatre trait\u00e9e comme une adulte.<\/p>\n<p>J\u2019ai le droit de fuir un milieu violent.<\/p>\n<p>J\u2019ai le droit au respect de ma vie priv\u00e9e.<\/p>\n<p>J\u2019ai le droit de perfectionner mes propres talents et aptitudes.<\/p>\n<p>J\u2019ai le droit d\u2019exprimer mes propres id\u00e9es et sentiments.<\/p>\n<p>J\u2019ai le droit de poursuivre en justice mon conjoint violent.<\/p>\n<p>J\u2019ai le droit d\u2019\u00eatre parfaite.<\/p>\n\t<h3>\n\t\t\t\tFACTORS IN A HEALTHY RELATIONSHIP\n\t\t\t<\/h3>\n<ul>\n<li>Trust<\/li>\n<li>Honesty, spontaneity<\/li>\n<li>Openness<\/li>\n<li>Understanding<\/li>\n<\/ul>\n<ul>\n<li>Flexibility\/compromise<\/li>\n<li>Clear boundaries<\/li>\n<li>Growth<\/li>\n<li>Acceptance of self, partner and relationship<\/li>\n<\/ul>\n<ul>\n<li>Respect<\/li>\n<li>Intimacy, spirituality<\/li>\n<li>Commitment is an active choice<\/li>\n<li>Space<\/li>\n<\/ul>\n<ul>\n<li>Individuality<\/li>\n<li>Affirmations<\/li>\n<li>Equality\/shared power<\/li>\n<li>Risks taken by both parties<\/li>\n<\/ul>\n\t<h3>\n\t\t\t\tFACTORS IN AN UNHEALTHY RELATIONSHIP\n\t\t\t<\/h3>\n<ul>\n<li>Lack trust; jealousy may be present<\/li>\n<li>Abuser only sees what he\/she wants to see, deceives the partner and self<\/li>\n<li>Closed, private, unwilling to share anything about one\u2019s own thoughts, wants and emotions<\/li>\n<li>No effort is made to become aware of the significant other\u2019s needs, feelings, wants<\/li>\n<\/ul>\n<ul>\n<li>Inflexible; compromise occurs only when abuser\u2019s demands are met, or during the honeymoon phase<\/li>\n<li>Unclear, diffuse boundaries, as if both partners are one; victim sacrifices all identity and individuality<\/li>\n<li>Stagnation; intimacy becomes a routine chore.<\/li>\n<li>Little or no acceptance of self, partner or relationship<\/li>\n<\/ul>\n<ul>\n<li>Belief that one partner is godlike while other is worthless; respect demanded by abuser but abuser gives none in return<\/li>\n<li>No warm feelings; intimacy is like a chore; fear is present; force may be used<\/li>\n<li>Both partners are committed only to one person\u2019s needs; victim feels trapped<\/li>\n<li>Victim is expected to spend all free time with abuser; may give up friends, family, school, job; victim feels isolated<\/li>\n<\/ul>\n<ul>\n<li>Differences not respected and growth not fostered<\/li>\n<li>Given only when victim gives in to demands or during honeymoon phase<\/li>\n<li>A one-up, on-down situation; force and coercion are used. Physical, psychological and sexual violence may occur.<\/li>\n<li>Victim afraid to express emotions, wants or needs for fear of further abuse.<\/li>\n<\/ul>\n","protected":false},"excerpt":{"rendered":"<p>DANS QUEL GENRE DE RELATION \u00caTES-VOUS? LA D\u00c9PENDANCE \u00e9puisement, fatigue, b\u00e9quille, perte d\u2019\u00e9quilibre, parano\u00efa. L\u2019\u00c9TOUFFEMENT aucun mouvement, \u00e9touffant et incapacit\u00e9 de s\u2019\u00e9panouir sur les plans mental, physique, affectif et spirituel. LE PI\u00c9DESTAL d\u00e9s\u00e9quilibre des pouvoirs, impressions irr\u00e9alistes et manque de communication, absence de sentiments. LE MA\u00ceTRE ET L\u2019ESCLAVE vue comme un objet qui \u00ab appartient&hellip;<\/p>\n","protected":false},"author":1,"featured_media":595,"parent":0,"menu_order":0,"comment_status":"closed","ping_status":"closed","template":"","meta":{"footnotes":""},"class_list":["post-233","page","type-page","status-publish","has-post-thumbnail","hentry"],"_links":{"self":[{"href":"https:\/\/horizoncentre.ca\/fr\/wp-json\/wp\/v2\/pages\/233","targetHints":{"allow":["GET"]}}],"collection":[{"href":"https:\/\/horizoncentre.ca\/fr\/wp-json\/wp\/v2\/pages"}],"about":[{"href":"https:\/\/horizoncentre.ca\/fr\/wp-json\/wp\/v2\/types\/page"}],"author":[{"embeddable":true,"href":"https:\/\/horizoncentre.ca\/fr\/wp-json\/wp\/v2\/users\/1"}],"replies":[{"embeddable":true,"href":"https:\/\/horizoncentre.ca\/fr\/wp-json\/wp\/v2\/comments?post=233"}],"version-history":[{"count":9,"href":"https:\/\/horizoncentre.ca\/fr\/wp-json\/wp\/v2\/pages\/233\/revisions"}],"predecessor-version":[{"id":623,"href":"https:\/\/horizoncentre.ca\/fr\/wp-json\/wp\/v2\/pages\/233\/revisions\/623"}],"wp:featuredmedia":[{"embeddable":true,"href":"https:\/\/horizoncentre.ca\/fr\/wp-json\/wp\/v2\/media\/595"}],"wp:attachment":[{"href":"https:\/\/horizoncentre.ca\/fr\/wp-json\/wp\/v2\/media?parent=233"}],"curies":[{"name":"wp","href":"https:\/\/api.w.org\/{rel}","templated":true}]}}