{"id":236,"date":"2014-12-18T16:15:20","date_gmt":"2014-12-18T16:15:20","guid":{"rendered":"http:\/\/horizoncentre.ca\/?page_id=236"},"modified":"2020-12-04T19:20:47","modified_gmt":"2020-12-04T19:20:47","slug":"nous-joindre","status":"publish","type":"page","link":"https:\/\/horizoncentre.ca\/fr\/nous-joindre\/","title":{"rendered":"Nous\u00a0joindre"},"content":{"rendered":"\n\t<h3>\n\t\t\t\tLigne de Crise D&rsquo;abri D&rsquo;urgence 24 Heures Sur 24\n\t\t\t<\/h3>\n\t\t<h2>(705) 753-1154<\/h2>\t\n\t<h3>\n\t\t\t\tCentre Horizon pour femmes\n\t\t\t<\/h3>\n\t\t<p>CP Bo\u00eetre 6228<br \/>Sturgeon Falls, ON<br \/>P2B 3K6<br \/>T\u00e9l : (705) 753-1154<br \/>T\u00e9l\u00e9c : (705) 753-1945<\/p>\t\n\t<h3>\n\t\t\t\tTransitional Housing Program\n\t\t\t<\/h3>\n\t\t<p>Tel: (705) 753-1154<br \/>Fax: (705) 753-1945<a href=\"mailto:email@email.com\">email@email.com<\/a><\/p>\t\n\t<h3>\n\t\t\t\tOutreach Program\n\t\t\t<\/h3>\n\t\t<p>Tel: (705)\u00a0753-5571Fax: (705)\u00a0753-5804<a href=\"mailto:email@email.com\">email@email.com<\/a><\/p>\t\n\t<h3>\n\t\t\t\tWomen\u2019s Counselling Program\n\t\t\t<\/h3>\n\t\t<p>Tel: (705)\u00a0753-1154<br \/>Fax: (705)\u00a0753-1945<a href=\"mailto:email@email.com\">email@email.com<\/a><\/p>\t\n<h2>\n\t\tFormulaire de contact\n\t<\/h2>\n\t    <iframe\n      id=\"JotFormIFrame-203014720860242\"\n      title=\"HorizonCentre.ca Contact Form\"\n      allowtransparency=\"true\"\n      allowfullscreen=\"true\"\n      allow=\"geolocation; microphone; camera\"\n      src=\"https:\/\/form.jotform.com\/203014720860242\"\n      frameborder=\"0\"\n      style=\"\n      min-width: 100%;\n      height:539px;\n      border:none;\"\n      scrolling=\"no\"\n    >\n    <\/iframe>\n","protected":false},"excerpt":{"rendered":"<p>Ligne de Crise D&rsquo;abri D&rsquo;urgence 24 Heures Sur 24 (705) 753-1154 Centre Horizon pour femmes CP Bo\u00eetre 6228Sturgeon Falls, ONP2B 3K6T\u00e9l : (705) 753-1154T\u00e9l\u00e9c : (705) 753-1945 Transitional Housing Program Tel: (705) 753-1154Fax: (705) 753-1945email@email.com Outreach Program Tel: (705)\u00a0753-5571Fax: (705)\u00a0753-5804email@email.com Women\u2019s Counselling Program Tel: (705)\u00a0753-1154Fax: (705)\u00a0753-1945email@email.com Formulaire de contact<\/p>\n","protected":false},"author":1,"featured_media":427,"parent":0,"menu_order":0,"comment_status":"closed","ping_status":"closed","template":"","meta":{"footnotes":""},"class_list":["post-236","page","type-page","status-publish","has-post-thumbnail","hentry"],"_links":{"self":[{"href":"https:\/\/horizoncentre.ca\/fr\/wp-json\/wp\/v2\/pages\/236","targetHints":{"allow":["GET"]}}],"collection":[{"href":"https:\/\/horizoncentre.ca\/fr\/wp-json\/wp\/v2\/pages"}],"about":[{"href":"https:\/\/horizoncentre.ca\/fr\/wp-json\/wp\/v2\/types\/page"}],"author":[{"embeddable":true,"href":"https:\/\/horizoncentre.ca\/fr\/wp-json\/wp\/v2\/users\/1"}],"replies":[{"embeddable":true,"href":"https:\/\/horizoncentre.ca\/fr\/wp-json\/wp\/v2\/comments?post=236"}],"version-history":[{"count":10,"href":"https:\/\/horizoncentre.ca\/fr\/wp-json\/wp\/v2\/pages\/236\/revisions"}],"predecessor-version":[{"id":634,"href":"https:\/\/horizoncentre.ca\/fr\/wp-json\/wp\/v2\/pages\/236\/revisions\/634"}],"wp:featuredmedia":[{"embeddable":true,"href":"https:\/\/horizoncentre.ca\/fr\/wp-json\/wp\/v2\/media\/427"}],"wp:attachment":[{"href":"https:\/\/horizoncentre.ca\/fr\/wp-json\/wp\/v2\/media?parent=236"}],"curies":[{"name":"wp","href":"https:\/\/api.w.org\/{rel}","templated":true}]}}