{"id":269,"date":"2015-02-23T20:19:05","date_gmt":"2015-02-23T20:19:05","guid":{"rendered":"http:\/\/horizoncentre.ca\/?page_id=269"},"modified":"2015-02-23T20:19:34","modified_gmt":"2015-02-23T20:19:34","slug":"la-securite-sur-internet","status":"publish","type":"page","link":"https:\/\/horizoncentre.ca\/fr\/la-securite-sur-internet\/","title":{"rendered":"La s\u00e9curit\u00e9 sur Internet"},"content":{"rendered":"<p>[fullwidth backgroundcolor=\u00a0\u00bb\u00a0\u00bb backgroundimage=\u00a0\u00bb\u00a0\u00bb backgroundrepeat=\u00a0\u00bbno-repeat\u00a0\u00bb backgroundposition=\u00a0\u00bbleft top\u00a0\u00bb backgroundattachment=\u00a0\u00bbscroll\u00a0\u00bb video_webm=\u00a0\u00bb\u00a0\u00bb video_mp4=\u00a0\u00bb\u00a0\u00bb video_ogv=\u00a0\u00bb\u00a0\u00bb video_preview_image=\u00a0\u00bb\u00a0\u00bb overlay_color=\u00a0\u00bb\u00a0\u00bb overlay_opacity=\u00a0\u00bb0.5&Prime; video_mute=\u00a0\u00bbyes\u00a0\u00bb video_loop=\u00a0\u00bbyes\u00a0\u00bb fade=\u00a0\u00bbno\u00a0\u00bb bordersize=\u00a0\u00bb0px\u00a0\u00bb bordercolor=\u00a0\u00bb\u00a0\u00bb borderstyle=\u00a0\u00bb\u00a0\u00bb paddingtop=\u00a0\u00bb20px\u00a0\u00bb paddingbottom=\u00a0\u00bb20px\u00a0\u00bb paddingleft=\u00a0\u00bb0px\u00a0\u00bb paddingright=\u00a0\u00bb0px\u00a0\u00bb menu_anchor=\u00a0\u00bb\u00a0\u00bb equal_height_columns=\u00a0\u00bbno\u00a0\u00bb hundred_percent=\u00a0\u00bbno\u00a0\u00bb class=\u00a0\u00bb\u00a0\u00bb id=\u00a0\u00bb\u00a0\u00bb][title size=\u00a0\u00bb1&Prime; content_align=\u00a0\u00bbleft\u00a0\u00bb style_type=\u00a0\u00bbsingle\u00a0\u00bb sep_color=\u00a0\u00bb\u00a0\u00bb class=\u00a0\u00bb\u00a0\u00bb id=\u00a0\u00bb\u00a0\u00bb]Vous avez consult\u00e9 notre site web et vous craignez quelqu\u2019un le sache ?[\/title][fusion_text]Vous avez consult\u00e9 notre site web\u00a0et vous craignez quelqu\u2019un le sache\u00a0? Cliquez ici pour plus d\u2019information&#8230;<\/p>\n<p>Vous craignez que quelqu\u2019un puisse savoir que vous avez consult\u00e9 ce site\u00a0? Voici des conseils pour r\u00e9duire les risques qu\u2019on puisse retracer vos activit\u00e9s de navigation sur Internet, y compris votre consultation de notre site et d\u2019autres sites sur la violence conjugale.<\/p>\n<p>Les navigateurs Internet sont con\u00e7us pour laisser des traces indiquant o\u00f9 vous avez navigu\u00e9 et ce que vous avez regard\u00e9 sur Internet. Il est difficile de garantir absolument que votre historique de navigation ne pourra jamais \u00eatre retrac\u00e9, mais les conseils suivants sont des moyens simples de r\u00e9duire les risques que quelqu\u2019un puisse fouiller dans votre ordinateur et d\u00e9couvrir ce que vous y avez lu.<\/p>\n<p>Une personne assez connaissante en informatique pourra tout de m\u00eame rep\u00e9rer votre historique de navigation. Cependant, c\u2019est une bonne id\u00e9e d\u2019effacer une partie de votre historique afin de rendre cela plus difficile pour autrui de savoir o\u00f9 vous avez navigu\u00e9.<\/p>\n<p>Si quelqu\u2019un s\u2019aper\u00e7oit que vous avez effac\u00e9 une partie de votre historique de navigation et vous questionne \u00e0 ce sujet, vous pouvez r\u00e9pondre que vous avez lu ou entendu qu\u2019en \u00e9liminant ces fichiers temporaires, votre ordinateur serait plus rapide et disposerait de plus de m\u00e9moire, ce qui est vrai.[\/fusion_text][title size=\u00a0\u00bb2&Prime; content_align=\u00a0\u00bbleft\u00a0\u00bb style_type=\u00a0\u00bbsingle\u00a0\u00bb sep_color=\u00a0\u00bb\u00a0\u00bb class=\u00a0\u00bb\u00a0\u00bb id=\u00a0\u00bb\u00a0\u00bb]MARCHE \u00c0 SUIVRE POUR EFFACER L\u2019HISTORIQUE[\/title][fusion_text]Si vous ajoutez ce site \u00e0 vos signets ou consultez d\u2019autres sites, votre agresseur pourrait s\u2019apercevoir que vous vous renseignez sur la violence conjugale<\/p>\n<p>Il est probablement plus s\u00e9curitaire de consulter ce site \u00e0 partir d\u2019un endroit autre que votre demeure, par exemple chez un(e) ami(e) en qui vous avez confiance, \u00e0 la biblioth\u00e8que ou au bureau d\u2019un service d\u2019aide.<\/p>\n<p>Si vous le pouvez, effacez tous les fichiers CACHE\/HISTORIQUE de votre navigateur Internet.[\/fusion_text][title size=\u00a0\u00bb2&Prime; content_align=\u00a0\u00bbleft\u00a0\u00bb style_type=\u00a0\u00bbsingle\u00a0\u00bb sep_color=\u00a0\u00bb\u00a0\u00bb class=\u00a0\u00bb\u00a0\u00bb id=\u00a0\u00bb\u00a0\u00bb]COMMENT EFFACER L\u2019HISTORIQUE ET LA M\u00c9MOIRE CACHE SUR UN ORDINATEUR PC[\/title][fusion_text]Les termes entre parenth\u00e8ses figurent dans les menus des logiciels en langue anglaise. Si vous utilisez un navigateur de langue anglaise, cherchez ces termes.[\/fusion_text][one_third last=\u00a0\u00bbno\u00a0\u00bb spacing=\u00a0\u00bbyes\u00a0\u00bb background_color=\u00a0\u00bb\u00a0\u00bb background_image=\u00a0\u00bb\u00a0\u00bb background_repeat=\u00a0\u00bbno-repeat\u00a0\u00bb background_position=\u00a0\u00bbleft top\u00a0\u00bb border_size=\u00a0\u00bb0px\u00a0\u00bb border_color=\u00a0\u00bb\u00a0\u00bb border_style=\u00a0\u00bb\u00a0\u00bb padding=\u00a0\u00bb\u00a0\u00bb class=\u00a0\u00bb\u00a0\u00bb id=\u00a0\u00bb\u00a0\u00bb][title size=\u00a0\u00bb3&Prime; content_align=\u00a0\u00bbleft\u00a0\u00bb style_type=\u00a0\u00bbsingle\u00a0\u00bb sep_color=\u00a0\u00bb\u00a0\u00bb class=\u00a0\u00bb\u00a0\u00bb id=\u00a0\u00bb\u00a0\u00bb]INTERNET EXPLORER[\/title][fusion_text]Il y a deux versions d\u2019Internet Explorer. Pour savoir laquelle vous avez, s\u00e9lectionnez AIDE (HELP) dans le tableau de bord Explorer et cliquez sur \u00c0 PROPOS[\/fusion_text][\/one_third][one_third last=\u00a0\u00bbno\u00a0\u00bb spacing=\u00a0\u00bbyes\u00a0\u00bb background_color=\u00a0\u00bb\u00a0\u00bb background_image=\u00a0\u00bb\u00a0\u00bb background_repeat=\u00a0\u00bbno-repeat\u00a0\u00bb background_position=\u00a0\u00bbleft top\u00a0\u00bb border_size=\u00a0\u00bb0px\u00a0\u00bb border_color=\u00a0\u00bb\u00a0\u00bb border_style=\u00a0\u00bb\u00a0\u00bb padding=\u00a0\u00bb\u00a0\u00bb class=\u00a0\u00bb\u00a0\u00bb id=\u00a0\u00bb\u00a0\u00bb][title size=\u00a0\u00bb3&Prime; content_align=\u00a0\u00bbleft\u00a0\u00bb style_type=\u00a0\u00bbsingle\u00a0\u00bb sep_color=\u00a0\u00bb\u00a0\u00bb class=\u00a0\u00bb\u00a0\u00bb id=\u00a0\u00bb\u00a0\u00bb]INTERNET EXPLORER 6[\/title][fusion_text]-Cliquez sur le menu OUTILS (TOOLS) et s\u00e9lectionnez OPTIONS INTERNET (INTERNET OPTIONS).<br \/>\n&#8211; \u00c0 la page G\u00c9N\u00c9RAL (GENERAL), sous FICHIERS INTERNET TEMPORAIRES (TEMPORARY INTERNET FILES), cliquez sur SUPPRIMER TOUS LES COOKIES (DELETE COOKIES), puis sur OK.<br \/>\n&#8211; Cliquez sur SUPPRIMER LES FICHIERS (DELETE FILES), puis cochez la case intitul\u00e9e SUPPRIMER TOUT LE CONTENU HORS CONNEXION (DELETE ALL OFFLINE CONTENT), puis cliquez sur OK.<br \/>\n&#8211; Sous HISTORIQUE (HISTORY), cliquez sur SUPPRIMER L\u2019HISTORIQUE (CLEAR HISTORY), puis sur OK.<br \/>\n&#8211; Maintenant, en haut de la fen\u00eatre, s\u00e9lectionnez l\u2019onglet CONTENU (CONTENT), cliquez sur SAISIE SEMI-AUTOMATIQUE (AUTOCOMPLETE) et enfin sur SUPPRIMER LES FORMULAIRES (CLEAR FORMS).[\/fusion_text][\/one_third][one_third last=\u00a0\u00bbyes\u00a0\u00bb spacing=\u00a0\u00bbyes\u00a0\u00bb background_color=\u00a0\u00bb\u00a0\u00bb background_image=\u00a0\u00bb\u00a0\u00bb background_repeat=\u00a0\u00bbno-repeat\u00a0\u00bb background_position=\u00a0\u00bbleft top\u00a0\u00bb border_size=\u00a0\u00bb0px\u00a0\u00bb border_color=\u00a0\u00bb\u00a0\u00bb border_style=\u00a0\u00bb\u00a0\u00bb padding=\u00a0\u00bb\u00a0\u00bb class=\u00a0\u00bb\u00a0\u00bb id=\u00a0\u00bb\u00a0\u00bb][title size=\u00a0\u00bb3&Prime; content_align=\u00a0\u00bbleft\u00a0\u00bb style_type=\u00a0\u00bbsingle\u00a0\u00bb sep_color=\u00a0\u00bb\u00a0\u00bb class=\u00a0\u00bb\u00a0\u00bb id=\u00a0\u00bb\u00a0\u00bb]INTERNET EXPLORER 7[\/title][fusion_text]- Cliquez sur le menu OUTILS (TOOLS) et s\u00e9lectionnez OPTIONS INTERNET (INTERNET OPTIONS).<br \/>\n&#8211; Dans la fen\u00eatre G\u00c9N\u00c9RAL (GENERAL), sous HISTORIQUE DE NAVIGATION (BROWSER HISTORY), cliquez sur SUPPRIMER (DELETE).<br \/>\n&#8211; Vous pouvez s\u00e9lectionner et effacer chaque item un \u00e0 la fois (FICHIERS INTERNET TEMPORAIRES\u00a0(TEMPORARY INTERNET FILES) ; COOKIES\u00a0; HISTORIQUE\u00a0(HISTORY) ; DONN\u00c9ES DE FORMULAIRES\u00a0(FORMS DATA) ; MOTS DE PASSE (PASSWORDS)) ou s\u00e9lectionner TOUT SUPPRIMER (DELETE ALL) en bas de la fen\u00eatre pour tout supprimer en m\u00eame temps.[\/fusion_text][\/one_third][one_third last=\u00a0\u00bbno\u00a0\u00bb spacing=\u00a0\u00bbyes\u00a0\u00bb background_color=\u00a0\u00bb\u00a0\u00bb background_image=\u00a0\u00bb\u00a0\u00bb background_repeat=\u00a0\u00bbno-repeat\u00a0\u00bb background_position=\u00a0\u00bbleft top\u00a0\u00bb border_size=\u00a0\u00bb0px\u00a0\u00bb border_color=\u00a0\u00bb\u00a0\u00bb border_style=\u00a0\u00bb\u00a0\u00bb padding=\u00a0\u00bb\u00a0\u00bb class=\u00a0\u00bb\u00a0\u00bb id=\u00a0\u00bb\u00a0\u00bb][title size=\u00a0\u00bb3&Prime; content_align=\u00a0\u00bbleft\u00a0\u00bb style_type=\u00a0\u00bbsingle\u00a0\u00bb sep_color=\u00a0\u00bb\u00a0\u00bb class=\u00a0\u00bb\u00a0\u00bb id=\u00a0\u00bb\u00a0\u00bb]FIREFOX 1[\/title][fusion_text]-Cliquez sur OUTILS (TOOLS) et ensuite sur OPTIONS, puis enfin sur VIE PRIV\u00c9E (PRIVACY).<br \/>\n-Cliquez sur l\u2019onglet EFFACER (CLEAR) \u00e0 c\u00f4t\u00e9 de HISTORIQUE DE NAVIGATION (HISTORY), DONN\u00c9ES DE FORMULAIRES ENREGISTR\u00c9ES (SAVED FORM INFORMATION), COOKIES et CACHE.[\/fusion_text][\/one_third][one_third last=\u00a0\u00bbno\u00a0\u00bb spacing=\u00a0\u00bbyes\u00a0\u00bb background_color=\u00a0\u00bb\u00a0\u00bb background_image=\u00a0\u00bb\u00a0\u00bb background_repeat=\u00a0\u00bbno-repeat\u00a0\u00bb background_position=\u00a0\u00bbleft top\u00a0\u00bb border_size=\u00a0\u00bb0px\u00a0\u00bb border_color=\u00a0\u00bb\u00a0\u00bb border_style=\u00a0\u00bb\u00a0\u00bb padding=\u00a0\u00bb\u00a0\u00bb class=\u00a0\u00bb\u00a0\u00bb id=\u00a0\u00bb\u00a0\u00bb][title size=\u00a0\u00bb3&Prime; content_align=\u00a0\u00bbleft\u00a0\u00bb style_type=\u00a0\u00bbsingle\u00a0\u00bb sep_color=\u00a0\u00bb\u00a0\u00bb class=\u00a0\u00bb\u00a0\u00bb id=\u00a0\u00bb\u00a0\u00bb]FIREFOX 2[\/title][fusion_text]-Cliquez sur OUTILS (TOOLS) et s\u00e9lectionnez OPTIONS, puis cliquez sur VIE PRIV\u00c9E (PRIVACY).<br \/>\n-Dans la section VIE PRIV\u00c9E (PRIVATE DATA), s\u00e9lectionnez PARAM\u00c8TRES (SETTINGS).<br \/>\n-Assurez-vous que toutes les bo\u00eetes soient coch\u00e9es, puis cliquez sur NETTOYER MAINTENANT (CLEAR NOW).[\/fusion_text][\/one_third][one_third last=\u00a0\u00bbyes\u00a0\u00bb spacing=\u00a0\u00bbyes\u00a0\u00bb background_color=\u00a0\u00bb\u00a0\u00bb background_image=\u00a0\u00bb\u00a0\u00bb background_repeat=\u00a0\u00bbno-repeat\u00a0\u00bb background_position=\u00a0\u00bbleft top\u00a0\u00bb border_size=\u00a0\u00bb0px\u00a0\u00bb border_color=\u00a0\u00bb\u00a0\u00bb border_style=\u00a0\u00bb\u00a0\u00bb padding=\u00a0\u00bb\u00a0\u00bb class=\u00a0\u00bb\u00a0\u00bb id=\u00a0\u00bb\u00a0\u00bb][title size=\u00a0\u00bb3&Prime; content_align=\u00a0\u00bbleft\u00a0\u00bb style_type=\u00a0\u00bbsingle\u00a0\u00bb sep_color=\u00a0\u00bb\u00a0\u00bb class=\u00a0\u00bb\u00a0\u00bb id=\u00a0\u00bb\u00a0\u00bb]NETSCAPE 7[\/title][fusion_text]-Dans la barre de menu, cliquez sur \u00c9DITION (EDIT) et s\u00e9lectionnez PR\u00c9F\u00c9RENCES (PREFERENCES).<br \/>\n-Dans le panneau de gauche, agrandissez NAVIGATOR puis HISTORIQUE (HISTORY). Ensuite \u00e0 droite, cliquez sur EFFACER L\u2019HISTORIQUE (CLEAR HISTORY).<br \/>\n-Agrandissez CONFIDENTIALIT\u00c9 ET S\u00c9CURIT\u00c9 (PRIVACY AND SECURITY) et s\u00e9lectionnez COOKIES, puis cliquez sur le bouton G\u00c9RER LES COOKIES M\u00c9MORIS\u00c9S (MANAGE STORED COOKIES). Dans la nouvelle bo\u00eete DIALOGUE, cliquez sur SUPPRIMER TOUS LES COOKIES (REMOVE ALL COOKIES).<br \/>\n-R\u00e9p\u00e9tez ce processus en s\u00e9lectionnant FORMULAIRES (FORMS) et le bouton G\u00c9RER LES DONN\u00c9ES DE FORMULAIRE M\u00c9MORIS\u00c9ES (MANAGE STORED FORM DATA), puis en s\u00e9lectionnant MOTS DE PASSE (PASSWORDS) et le bouton G\u00c9RER LES MOTS DE PASSE M\u00c9MORIS\u00c9S (MANAGE STORED PASSWORDS).<br \/>\n-Vous pouvez g\u00e9rer les FORMULAIRES, COOKIES et MOTS DE PASSE \u00e0 partir du menu OUTILS (TOOLS), mais non pas les fichiers CACHE temporaires.[\/fusion_text][\/one_third][one_third last=\u00a0\u00bbno\u00a0\u00bb spacing=\u00a0\u00bbyes\u00a0\u00bb background_color=\u00a0\u00bb\u00a0\u00bb background_image=\u00a0\u00bb\u00a0\u00bb background_repeat=\u00a0\u00bbno-repeat\u00a0\u00bb background_position=\u00a0\u00bbleft top\u00a0\u00bb border_size=\u00a0\u00bb0px\u00a0\u00bb border_color=\u00a0\u00bb\u00a0\u00bb border_style=\u00a0\u00bb\u00a0\u00bb padding=\u00a0\u00bb\u00a0\u00bb class=\u00a0\u00bb\u00a0\u00bb id=\u00a0\u00bb\u00a0\u00bb][title size=\u00a0\u00bb3&Prime; content_align=\u00a0\u00bbleft\u00a0\u00bb style_type=\u00a0\u00bbsingle\u00a0\u00bb sep_color=\u00a0\u00bb\u00a0\u00bb class=\u00a0\u00bb\u00a0\u00bb id=\u00a0\u00bb\u00a0\u00bb]OPERA[\/title][fusion_text]-Cliquez sur OUTILS (TOOLS) et ensuite sur PR\u00c9F\u00c9RENCES (PREFERENCES).<br \/>\n-Cliquez sur l\u2019onglet AVANC\u00c9 (ADVANCE) et ensuite sur la section HISTORIQUE (HISTORY) \u00e0 gauche.<br \/>\n-Cliquez sur le bouton EFFACER (CLEAR) \u00e0 la droite de ADRESSES (ADDRESSES) et sur le bouton VIDER MAINTENANT (EMPTY NOW) \u00e0 la droite de M\u00c9MOIRE CACHE (DISK CACHE).<br \/>\n-Le navigateur Opera n\u2019a pas de solution facile pour effacer tous les cookies.[\/fusion_text][\/one_third][one_third last=\u00a0\u00bbyes\u00a0\u00bb spacing=\u00a0\u00bbyes\u00a0\u00bb background_color=\u00a0\u00bb\u00a0\u00bb background_image=\u00a0\u00bb\u00a0\u00bb background_repeat=\u00a0\u00bbno-repeat\u00a0\u00bb background_position=\u00a0\u00bbleft top\u00a0\u00bb border_size=\u00a0\u00bb0px\u00a0\u00bb border_color=\u00a0\u00bb\u00a0\u00bb border_style=\u00a0\u00bb\u00a0\u00bb padding=\u00a0\u00bb\u00a0\u00bb class=\u00a0\u00bb\u00a0\u00bb id=\u00a0\u00bb\u00a0\u00bb][title size=\u00a0\u00bb3&Prime; content_align=\u00a0\u00bbleft\u00a0\u00bb style_type=\u00a0\u00bbsingle\u00a0\u00bb sep_color=\u00a0\u00bb\u00a0\u00bb class=\u00a0\u00bb\u00a0\u00bb id=\u00a0\u00bb\u00a0\u00bb]SAFARI (Apple Mac)[\/title][fusion_text]-Il suffit de r\u00e9initialiser Safari pour effacer l\u2019HISTORIQUE, vider la m\u00e9moire CACHE, effacer la fen\u00eatre de T\u00c9L\u00c9CHARGEMENTS et supprimer tous les COOKIES.<br \/>\n-R\u00e9initialiser Safari supprime aussi tous les noms et mots de passe enregistr\u00e9s et tout autre texte de formulaire \u00e0 remplissage automatique ainsi que toutes les recherches faites sur Google\/Yahoo.<br \/>\n-Pour r\u00e9initialiser Safari, cliquez sur le MENU Safari en haut \u00e0 gauche. Cliquez sur R\u00c9INITIALISER SAFARI (RESET SAFARI) et cliquez sur R\u00c9INITIALISER (RESET) dans la fen\u00eatre.[\/fusion_text][\/one_third][title size=\u00a0\u00bb3&Prime; content_align=\u00a0\u00bbleft\u00a0\u00bb style_type=\u00a0\u00bbsingle\u00a0\u00bb sep_color=\u00a0\u00bb\u00a0\u00bb class=\u00a0\u00bb\u00a0\u00bb id=\u00a0\u00bb\u00a0\u00bb]EFFACER SON HISTORIQUE DE NAVIGATION[\/title][fusion_text]-Les navigateurs Internet gardent aussi en m\u00e9moire tous les sites que vous visitez\u00a0; cela s\u2019appelle HISTORIQUE (HISTORY).<br \/>\n-Pour effacer l\u2019HISTORIQUE (HISTORY) dans INTERNET EXPLORER, NETSCAPE et FIREFOX, gardez votre doigt sur la cl\u00e9 CTRL et appuyez simultan\u00e9ment sur la cl\u00e9 H.<br \/>\n-Si vous utilisez OPERA, appuyez sur les cl\u00e9s CTRL, ALT et H.<br \/>\n-Cherchez les mentions www.sffrc.com (notre site Internet), puis cliquez \u00e0 droite et choisissez EFFACER (DELETE).<br \/>\n-Si vous utilisez SAFARI, appuyez sur HISTORIQUE (HISTORY) sur la barre du haut et choisissez EFFACER L\u2019HISTORIQUE (CLEAR HISTORY).[\/fusion_text][\/fullwidth]<\/p>\n","protected":false},"excerpt":{"rendered":"<p>[fullwidth backgroundcolor=\u00a0\u00bb\u00a0\u00bb backgroundimage=\u00a0\u00bb\u00a0\u00bb backgroundrepeat=\u00a0\u00bbno-repeat\u00a0\u00bb backgroundposition=\u00a0\u00bbleft top\u00a0\u00bb backgroundattachment=\u00a0\u00bbscroll\u00a0\u00bb video_webm=\u00a0\u00bb\u00a0\u00bb video_mp4=\u00a0\u00bb\u00a0\u00bb video_ogv=\u00a0\u00bb\u00a0\u00bb video_preview_image=\u00a0\u00bb\u00a0\u00bb overlay_color=\u00a0\u00bb\u00a0\u00bb overlay_opacity=\u00a0\u00bb0.5&Prime; video_mute=\u00a0\u00bbyes\u00a0\u00bb video_loop=\u00a0\u00bbyes\u00a0\u00bb fade=\u00a0\u00bbno\u00a0\u00bb bordersize=\u00a0\u00bb0px\u00a0\u00bb bordercolor=\u00a0\u00bb\u00a0\u00bb borderstyle=\u00a0\u00bb\u00a0\u00bb paddingtop=\u00a0\u00bb20px\u00a0\u00bb paddingbottom=\u00a0\u00bb20px\u00a0\u00bb paddingleft=\u00a0\u00bb0px\u00a0\u00bb paddingright=\u00a0\u00bb0px\u00a0\u00bb menu_anchor=\u00a0\u00bb\u00a0\u00bb equal_height_columns=\u00a0\u00bbno\u00a0\u00bb hundred_percent=\u00a0\u00bbno\u00a0\u00bb class=\u00a0\u00bb\u00a0\u00bb id=\u00a0\u00bb\u00a0\u00bb][title size=\u00a0\u00bb1&Prime; content_align=\u00a0\u00bbleft\u00a0\u00bb style_type=\u00a0\u00bbsingle\u00a0\u00bb sep_color=\u00a0\u00bb\u00a0\u00bb class=\u00a0\u00bb\u00a0\u00bb id=\u00a0\u00bb\u00a0\u00bb]Vous avez consult\u00e9 notre site web et vous craignez quelqu\u2019un le sache ?[\/title][fusion_text]Vous avez consult\u00e9 notre site web\u00a0et vous craignez quelqu\u2019un le&hellip;<\/p>\n","protected":false},"author":1,"featured_media":0,"parent":0,"menu_order":0,"comment_status":"closed","ping_status":"open","template":"","meta":{"footnotes":""},"class_list":["post-269","page","type-page","status-publish","hentry"],"_links":{"self":[{"href":"https:\/\/horizoncentre.ca\/fr\/wp-json\/wp\/v2\/pages\/269","targetHints":{"allow":["GET"]}}],"collection":[{"href":"https:\/\/horizoncentre.ca\/fr\/wp-json\/wp\/v2\/pages"}],"about":[{"href":"https:\/\/horizoncentre.ca\/fr\/wp-json\/wp\/v2\/types\/page"}],"author":[{"embeddable":true,"href":"https:\/\/horizoncentre.ca\/fr\/wp-json\/wp\/v2\/users\/1"}],"replies":[{"embeddable":true,"href":"https:\/\/horizoncentre.ca\/fr\/wp-json\/wp\/v2\/comments?post=269"}],"version-history":[{"count":2,"href":"https:\/\/horizoncentre.ca\/fr\/wp-json\/wp\/v2\/pages\/269\/revisions"}],"predecessor-version":[{"id":271,"href":"https:\/\/horizoncentre.ca\/fr\/wp-json\/wp\/v2\/pages\/269\/revisions\/271"}],"wp:attachment":[{"href":"https:\/\/horizoncentre.ca\/fr\/wp-json\/wp\/v2\/media?parent=269"}],"curies":[{"name":"wp","href":"https:\/\/api.w.org\/{rel}","templated":true}]}}