{"id":282,"date":"2015-01-06T20:47:41","date_gmt":"2015-01-06T20:47:41","guid":{"rendered":"http:\/\/horizoncentre.ca\/?page_id=282"},"modified":"2020-12-04T18:45:54","modified_gmt":"2020-12-04T18:45:54","slug":"la-relation-quizz","status":"publish","type":"page","link":"https:\/\/horizoncentre.ca\/fr\/interet-et-inspiration\/la-relation-quizz\/","title":{"rendered":"La relation quizz"},"content":{"rendered":"\n\t<h3>\n\t\t\t\tCLIQUEZ SUR LA R\u00c9PONSE QUI CONVIENT ET OBTENEZ LE R\u00c9SULTAT \u00c0 LA FIN DU QUESTIONNAIRE.\n\t\t\t<\/h3>\n\t\t<p>Ce questionnaire peut servir \u00e0 susciter un dialogue avec votre partenaire ou il peut servir d\u2019outil de prise de conscience. Les renseignements ont \u00e9t\u00e9 recueillis par des membres du conseil communautaire contre la violence. Quiconque peut les reproduire et les utiliser.<\/p>\t\n\t<form><input name=\"formID\" type=\"hidden\" value=\"50054440062239\" \/>\n<table summary=\"\" cellspacing=\"0\" cellpadding=\"4\">\n<tbody>\n<tr>\n<th><\/th>\n<th>Oui<\/th>\n<th>Non<\/th>\n<th>Parfois<\/th>\n<\/tr>\n<tr>\n<th align=\"left\">1.\u00a0Est-ce que votre partenaire vous interroge sur o\u00f9 vous allez?<\/th>\n<td align=\"center\"><input id=\"input_5_0_0\" name=\"q5_clickOn[0]\" type=\"radio\" value=\"Yes\" data-value=\"1\" \/><\/td>\n<td align=\"center\"><input id=\"input_5_0_1\" name=\"q5_clickOn[0]\" type=\"radio\" value=\"No\" \/><\/td>\n<td align=\"center\"><input id=\"input_5_0_2\" name=\"q5_clickOn[0]\" type=\"radio\" value=\"Sometimes\" \/><\/td>\n<\/tr>\n<tr>\n<th align=\"left\">2. Vous interroge sur les personnes que vous fr\u00e9quentez?<\/th>\n<td align=\"center\"><input id=\"input_5_1_0\" name=\"q5_clickOn[1]\" type=\"radio\" value=\"Yes\" data-value=\"1\" \/><\/td>\n<td align=\"center\"><input id=\"input_5_1_1\" name=\"q5_clickOn[1]\" type=\"radio\" value=\"No\" \/><\/td>\n<td align=\"center\"><input id=\"input_5_1_2\" name=\"q5_clickOn[1]\" type=\"radio\" value=\"Sometimes\" \/><\/td>\n<\/tr>\n<tr>\n<th align=\"left\">3. Vous interroge sur les personnes \u00e0 qui vous parlez?<\/th>\n<td align=\"center\"><input id=\"input_5_2_0\" name=\"q5_clickOn[2]\" type=\"radio\" value=\"Yes\" data-value=\"1\" \/><\/td>\n<td align=\"center\"><input id=\"input_5_2_1\" name=\"q5_clickOn[2]\" type=\"radio\" value=\"No\" \/><\/td>\n<td align=\"center\"><input id=\"input_5_2_2\" name=\"q5_clickOn[2]\" type=\"radio\" value=\"Sometimes\" \/><\/td>\n<\/tr>\n<tr>\n<th align=\"left\">4. Vous interroge sur ce que vous faites?<\/th>\n<td align=\"center\"><input id=\"input_5_3_0\" name=\"q5_clickOn[3]\" type=\"radio\" value=\"Yes\" data-value=\"1\" \/><\/td>\n<td align=\"center\"><input id=\"input_5_3_1\" name=\"q5_clickOn[3]\" type=\"radio\" value=\"No\" \/><\/td>\n<td align=\"center\"><input id=\"input_5_3_2\" name=\"q5_clickOn[3]\" type=\"radio\" value=\"Sometimes\" \/><\/td>\n<\/tr>\n<tr>\n<th align=\"left\">5. Vous abaisse?<\/th>\n<td align=\"center\"><input id=\"input_5_4_0\" name=\"q5_clickOn[4]\" type=\"radio\" value=\"Yes\" data-value=\"1\" \/><\/td>\n<td align=\"center\"><input id=\"input_5_4_1\" name=\"q5_clickOn[4]\" type=\"radio\" value=\"No\" \/><\/td>\n<td align=\"center\"><input id=\"input_5_4_2\" name=\"q5_clickOn[4]\" type=\"radio\" value=\"Sometimes\" \/><\/td>\n<\/tr>\n<tr>\n<th align=\"left\">6. Joue avec vos sentiments?<\/th>\n<td align=\"center\"><input id=\"input_5_5_0\" name=\"q5_clickOn[5]\" type=\"radio\" value=\"Yes\" data-value=\"1\" \/><\/td>\n<td align=\"center\"><input id=\"input_5_5_1\" name=\"q5_clickOn[5]\" type=\"radio\" value=\"No\" \/><\/td>\n<td align=\"center\"><input id=\"input_5_5_2\" name=\"q5_clickOn[5]\" type=\"radio\" value=\"Sometimes\" \/><\/td>\n<\/tr>\n<tr>\n<th align=\"left\">7. Vous prof\u00e8re des injures?<\/th>\n<td align=\"center\"><input id=\"input_5_6_0\" name=\"q5_clickOn[6]\" type=\"radio\" value=\"Yes\" data-value=\"1\" \/><\/td>\n<td align=\"center\"><input id=\"input_5_6_1\" name=\"q5_clickOn[6]\" type=\"radio\" value=\"No\" \/><\/td>\n<td align=\"center\"><input id=\"input_5_6_2\" name=\"q5_clickOn[6]\" type=\"radio\" value=\"Sometimes\" \/><\/td>\n<\/tr>\n<tr>\n<th align=\"left\">8. Vous donne l\u2019impression que vous n\u2019\u00eates pas une bonne personne?<\/th>\n<td align=\"center\"><input id=\"input_5_7_0\" name=\"q5_clickOn[7]\" type=\"radio\" value=\"Yes\" data-value=\"1\" \/><\/td>\n<td align=\"center\"><input id=\"input_5_7_1\" name=\"q5_clickOn[7]\" type=\"radio\" value=\"No\" \/><\/td>\n<td align=\"center\"><input id=\"input_5_7_2\" name=\"q5_clickOn[7]\" type=\"radio\" value=\"Sometimes\" \/><\/td>\n<\/tr>\n<tr>\n<th align=\"left\">9. Vous emp\u00eache d\u2019avoir un emploi?<\/th>\n<td align=\"center\"><input id=\"input_5_8_0\" name=\"q5_clickOn[8]\" type=\"radio\" value=\"Yes\" data-value=\"1\" \/><\/td>\n<td align=\"center\"><input id=\"input_5_8_1\" name=\"q5_clickOn[8]\" type=\"radio\" value=\"No\" \/><\/td>\n<td align=\"center\"><input id=\"input_5_8_2\" name=\"q5_clickOn[8]\" type=\"radio\" value=\"Sometimes\" \/><\/td>\n<\/tr>\n<tr>\n<th align=\"left\">10. Vous donne une allocation?<\/th>\n<td align=\"center\"><input id=\"input_5_9_0\" name=\"q5_clickOn[9]\" type=\"radio\" value=\"Yes\" data-value=\"1\" \/><\/td>\n<td align=\"center\"><input id=\"input_5_9_1\" name=\"q5_clickOn[9]\" type=\"radio\" value=\"No\" \/><\/td>\n<td align=\"center\"><input id=\"input_5_9_2\" name=\"q5_clickOn[9]\" type=\"radio\" value=\"Sometimes\" \/><\/td>\n<\/tr>\n<tr>\n<th align=\"left\">11. Prend votre argent?<\/th>\n<td align=\"center\"><input id=\"input_5_10_0\" name=\"q5_clickOn[10]\" type=\"radio\" value=\"Yes\" data-value=\"1\" \/><\/td>\n<td align=\"center\"><input id=\"input_5_10_1\" name=\"q5_clickOn[10]\" type=\"radio\" value=\"No\" \/><\/td>\n<td align=\"center\"><input id=\"input_5_10_2\" name=\"q5_clickOn[10]\" type=\"radio\" value=\"Sometimes\" \/><\/td>\n<\/tr>\n<tr>\n<th align=\"left\">12. Critique vos d\u00e9penses?<\/th>\n<td align=\"center\"><input id=\"input_5_11_0\" name=\"q5_clickOn[11]\" type=\"radio\" value=\"Yes\" data-value=\"1\" \/><\/td>\n<td align=\"center\"><input id=\"input_5_11_1\" name=\"q5_clickOn[11]\" type=\"radio\" value=\"No\" \/><\/td>\n<td align=\"center\"><input id=\"input_5_11_2\" name=\"q5_clickOn[11]\" type=\"radio\" value=\"Sometimes\" \/><\/td>\n<\/tr>\n<tr>\n<th align=\"left\">13. Vous intimide?<\/th>\n<td align=\"center\"><input id=\"input_5_12_0\" name=\"q5_clickOn[12]\" type=\"radio\" value=\"Yes\" data-value=\"1\" \/><\/td>\n<td align=\"center\"><input id=\"input_5_12_1\" name=\"q5_clickOn[12]\" type=\"radio\" value=\"No\" \/><\/td>\n<td align=\"center\"><input id=\"input_5_12_2\" name=\"q5_clickOn[12]\" type=\"radio\" value=\"Sometimes\" \/><\/td>\n<\/tr>\n<tr>\n<th align=\"left\">14.\u00a0D\u00e9truit vos effets personnels?<\/th>\n<td align=\"center\"><input id=\"input_5_13_0\" name=\"q5_clickOn[13]\" type=\"radio\" value=\"Yes\" data-value=\"1\" \/><\/td>\n<td align=\"center\"><input id=\"input_5_13_1\" name=\"q5_clickOn[13]\" type=\"radio\" value=\"No\" \/><\/td>\n<td align=\"center\"><input id=\"input_5_13_2\" name=\"q5_clickOn[13]\" type=\"radio\" value=\"Sometimes\" \/><\/td>\n<\/tr>\n<tr>\n<th align=\"left\">15. Menace de vous quitter?<\/th>\n<td align=\"center\"><input id=\"input_5_14_0\" name=\"q5_clickOn[14]\" type=\"radio\" value=\"Yes\" data-value=\"1\" \/><\/td>\n<td align=\"center\"><input id=\"input_5_14_1\" name=\"q5_clickOn[14]\" type=\"radio\" value=\"No\" \/><\/td>\n<td align=\"center\"><input id=\"input_5_14_2\" name=\"q5_clickOn[14]\" type=\"radio\" value=\"Sometimes\" \/><\/td>\n<\/tr>\n<tr>\n<th align=\"left\">16. Menace de se suicider si vous le quittez?<\/th>\n<td align=\"center\"><input id=\"input_5_15_0\" name=\"q5_clickOn[15]\" type=\"radio\" value=\"Yes\" data-value=\"1\" \/><\/td>\n<td align=\"center\"><input id=\"input_5_15_1\" name=\"q5_clickOn[15]\" type=\"radio\" value=\"No\" \/><\/td>\n<td align=\"center\"><input id=\"input_5_15_2\" name=\"q5_clickOn[15]\" type=\"radio\" value=\"Sometimes\" \/><\/td>\n<\/tr>\n<tr>\n<th align=\"left\">17. Prend toutes les d\u00e9cisions importantes?<\/th>\n<td align=\"center\"><input id=\"input_5_16_0\" name=\"q5_clickOn[16]\" type=\"radio\" value=\"Yes\" data-value=\"1\" \/><\/td>\n<td align=\"center\"><input id=\"input_5_16_1\" name=\"q5_clickOn[16]\" type=\"radio\" value=\"No\" \/><\/td>\n<td align=\"center\"><input id=\"input_5_16_2\" name=\"q5_clickOn[16]\" type=\"radio\" value=\"Sometimes\" \/><\/td>\n<\/tr>\n<tr>\n<th align=\"left\">18. Vous traite comme une servante?<\/th>\n<td align=\"center\"><input id=\"input_5_17_0\" name=\"q5_clickOn[17]\" type=\"radio\" value=\"Yes\" data-value=\"1\" \/><\/td>\n<td align=\"center\"><input id=\"input_5_17_1\" name=\"q5_clickOn[17]\" type=\"radio\" value=\"No\" \/><\/td>\n<td align=\"center\"><input id=\"input_5_17_2\" name=\"q5_clickOn[17]\" type=\"radio\" value=\"Sometimes\" \/><\/td>\n<\/tr>\n<tr>\n<th align=\"left\">19. Minimise la valeur de votre travail?<\/th>\n<td align=\"center\"><input id=\"input_5_18_0\" name=\"q5_clickOn[18]\" type=\"radio\" value=\"Yes\" data-value=\"1\" \/><\/td>\n<td align=\"center\"><input id=\"input_5_18_1\" name=\"q5_clickOn[18]\" type=\"radio\" value=\"No\" \/><\/td>\n<td align=\"center\"><input id=\"input_5_18_2\" name=\"q5_clickOn[18]\" type=\"radio\" value=\"Sometimes\" \/><\/td>\n<\/tr>\n<tr>\n<th align=\"left\">20. Vous donne l\u2019impression d\u2019\u00eatre moins importante que lui?<\/th>\n<td align=\"center\"><input id=\"input_5_19_0\" name=\"q5_clickOn[19]\" type=\"radio\" value=\"Yes\" data-value=\"1\" \/><\/td>\n<td align=\"center\"><input id=\"input_5_19_1\" name=\"q5_clickOn[19]\" type=\"radio\" value=\"No\" \/><\/td>\n<td align=\"center\"><input id=\"input_5_19_2\" name=\"q5_clickOn[19]\" type=\"radio\" value=\"Sometimes\" \/><\/td>\n<\/tr>\n<tr>\n<th align=\"left\">21. Vous frappe?<\/th>\n<td align=\"center\"><input id=\"input_5_20_0\" name=\"q5_clickOn[20]\" type=\"radio\" value=\"Yes\" data-value=\"1\" \/><\/td>\n<td align=\"center\"><input id=\"input_5_20_1\" name=\"q5_clickOn[20]\" type=\"radio\" value=\"No\" \/><\/td>\n<td align=\"center\"><input id=\"input_5_20_2\" name=\"q5_clickOn[20]\" type=\"radio\" value=\"Sometimes\" \/><\/td>\n<\/tr>\n<tr>\n<th align=\"left\">22. Vous pousse ou vous bouscule?<\/th>\n<td align=\"center\"><input id=\"input_5_21_0\" name=\"q5_clickOn[21]\" type=\"radio\" value=\"Yes\" data-value=\"1\" \/><\/td>\n<td align=\"center\"><input id=\"input_5_21_1\" name=\"q5_clickOn[21]\" type=\"radio\" value=\"No\" \/><\/td>\n<td align=\"center\"><input id=\"input_5_21_2\" name=\"q5_clickOn[21]\" type=\"radio\" value=\"Sometimes\" \/><\/td>\n<\/tr>\n<tr>\n<th align=\"left\">23. Menace de vous faire mal?<\/th>\n<td align=\"center\"><input id=\"input_5_22_0\" name=\"q5_clickOn[22]\" type=\"radio\" value=\"Yes\" data-value=\"1\" \/><\/td>\n<td align=\"center\"><input id=\"input_5_22_1\" name=\"q5_clickOn[22]\" type=\"radio\" value=\"No\" \/><\/td>\n<td align=\"center\"><input id=\"input_5_22_2\" name=\"q5_clickOn[22]\" type=\"radio\" value=\"Sometimes\" \/><\/td>\n<\/tr>\n<tr>\n<th align=\"left\">24. Se met souvent en col\u00e8re contre vous?<\/th>\n<td align=\"center\"><input id=\"input_5_23_0\" name=\"q5_clickOn[23]\" type=\"radio\" value=\"Yes\" data-value=\"1\" \/><\/td>\n<td align=\"center\"><input id=\"input_5_23_1\" name=\"q5_clickOn[23]\" type=\"radio\" value=\"No\" \/><\/td>\n<td align=\"center\"><input id=\"input_5_23_2\" name=\"q5_clickOn[23]\" type=\"radio\" value=\"Sometimes\" \/><\/td>\n<\/tr>\n<tr>\n<th align=\"left\">25. Vous force \u00e0 faire des actes sexuels contre votre gr\u00e9?<\/th>\n<td align=\"center\"><input id=\"input_5_24_0\" name=\"q5_clickOn[24]\" type=\"radio\" value=\"Yes\" data-value=\"1\" \/><\/td>\n<td align=\"center\"><input id=\"input_5_24_1\" name=\"q5_clickOn[24]\" type=\"radio\" value=\"No\" \/><\/td>\n<td align=\"center\"><input id=\"input_5_24_2\" name=\"q5_clickOn[24]\" type=\"radio\" value=\"Sometimes\" \/><\/td>\n<\/tr>\n<tr>\n<th align=\"left\">26. Se moque de vos parties g\u00e9nitales?<\/th>\n<td align=\"center\"><input id=\"input_5_25_0\" name=\"q5_clickOn[25]\" type=\"radio\" value=\"Yes\" data-value=\"1\" \/><\/td>\n<td align=\"center\"><input id=\"input_5_25_1\" name=\"q5_clickOn[25]\" type=\"radio\" value=\"No\" \/><\/td>\n<td align=\"center\"><input id=\"input_5_25_2\" name=\"q5_clickOn[25]\" type=\"radio\" value=\"Sometimes\" \/><\/td>\n<\/tr>\n<tr>\n<th align=\"left\">27. Ne se pr\u00e9occupe que de ses besoins pendant les rapports sexuels?<\/th>\n<td align=\"center\"><input id=\"input_5_26_0\" name=\"q5_clickOn[26]\" type=\"radio\" value=\"Yes\" data-value=\"1\" \/><\/td>\n<td align=\"center\"><input id=\"input_5_26_1\" name=\"q5_clickOn[26]\" type=\"radio\" value=\"No\" \/><\/td>\n<td align=\"center\"><input id=\"input_5_26_2\" name=\"q5_clickOn[26]\" type=\"radio\" value=\"Sometimes\" \/><\/td>\n<\/tr>\n<tr>\n<th align=\"left\">28. Vous traite comme un objet sexuel?<\/th>\n<td align=\"center\"><input id=\"input_5_27_0\" name=\"q5_clickOn[27]\" type=\"radio\" value=\"Yes\" data-value=\"1\" \/><\/td>\n<td align=\"center\"><input id=\"input_5_27_1\" name=\"q5_clickOn[27]\" type=\"radio\" value=\"No\" \/><\/td>\n<td align=\"center\"><input id=\"input_5_27_2\" name=\"q5_clickOn[27]\" type=\"radio\" value=\"Sometimes\" \/><\/td>\n<\/tr>\n<tr>\n<th align=\"left\">29.\u00a0Prend votre opinion \u00e0 la l\u00e9g\u00e8re?<\/th>\n<td align=\"center\"><input id=\"input_5_28_0\" name=\"q5_clickOn[28]\" type=\"radio\" value=\"Yes\" data-value=\"1\" \/><\/td>\n<td align=\"center\"><input id=\"input_5_28_1\" name=\"q5_clickOn[28]\" type=\"radio\" value=\"No\" \/><\/td>\n<td align=\"center\"><input id=\"input_5_28_2\" name=\"q5_clickOn[28]\" type=\"radio\" value=\"Sometimes\" \/><\/td>\n<\/tr>\n<tr>\n<th align=\"left\">30.\u00a0Vous laisse faire toutes les t\u00e2ches monotones?<\/th>\n<td align=\"center\"><input id=\"input_5_29_0\" name=\"q5_clickOn[29]\" type=\"radio\" value=\"Yes\" data-value=\"1\" \/><\/td>\n<td align=\"center\"><input id=\"input_5_29_1\" name=\"q5_clickOn[29]\" type=\"radio\" value=\"No\" \/><\/td>\n<td align=\"center\"><input id=\"input_5_29_2\" name=\"q5_clickOn[29]\" type=\"radio\" value=\"Sometimes\" \/><\/td>\n<\/tr>\n<tr>\n<th align=\"left\">31. N\u00e9glige de vous fournir un soutien quand vous le lui demandez?<\/th>\n<td align=\"center\"><input id=\"input_5_30_0\" name=\"q5_clickOn[30]\" type=\"radio\" value=\"Yes\" data-value=\"1\" \/><\/td>\n<td align=\"center\"><input id=\"input_5_30_1\" name=\"q5_clickOn[30]\" type=\"radio\" value=\"No\" \/><\/td>\n<td align=\"center\"><input id=\"input_5_30_2\" name=\"q5_clickOn[30]\" type=\"radio\" value=\"Sometimes\" \/><\/td>\n<\/tr>\n<tr>\n<th align=\"left\">32.\u00a0Passe plus de temps loin de vous qu\u2019avec vous?<\/th>\n<td align=\"center\"><input id=\"input_5_31_0\" name=\"q5_clickOn[31]\" type=\"radio\" value=\"Yes\" data-value=\"1\" \/><\/td>\n<td align=\"center\"><input id=\"input_5_31_1\" name=\"q5_clickOn[31]\" type=\"radio\" value=\"No\" \/><\/td>\n<td align=\"center\"><input id=\"input_5_31_2\" name=\"q5_clickOn[31]\" type=\"radio\" value=\"Sometimes\" \/><\/td>\n<\/tr>\n<tr>\n<th align=\"left\">33. Ne parle jamais de ses sentiments?<\/th>\n<td align=\"center\"><input id=\"input_5_32_0\" name=\"q5_clickOn[32]\" type=\"radio\" value=\"Yes\" data-value=\"1\" \/><\/td>\n<td align=\"center\"><input id=\"input_5_32_1\" name=\"q5_clickOn[32]\" type=\"radio\" value=\"No\" \/><\/td>\n<td align=\"center\"><input id=\"input_5_32_2\" name=\"q5_clickOn[32]\" type=\"radio\" value=\"Sometimes\" \/><\/td>\n<\/tr>\n<tr>\n<th align=\"left\">34. Vous tient \u00e0 l\u2019\u00e9cart des conversations importantes?<\/th>\n<td align=\"center\"><input id=\"input_5_33_0\" name=\"q5_clickOn[33]\" type=\"radio\" value=\"Yes\" data-value=\"1\" \/><\/td>\n<td align=\"center\"><input id=\"input_5_33_1\" name=\"q5_clickOn[33]\" type=\"radio\" value=\"No\" \/><\/td>\n<td align=\"center\"><input id=\"input_5_33_2\" name=\"q5_clickOn[33]\" type=\"radio\" value=\"Sometimes\" \/><\/td>\n<\/tr>\n<tr>\n<th align=\"left\">35. Pr\u00e9f\u00e8re passer du temps avec ses amis plut\u00f4t qu\u2019avec vous?<\/th>\n<td align=\"center\"><input id=\"input_5_34_0\" name=\"q5_clickOn[34]\" type=\"radio\" value=\"Yes\" data-value=\"1\" \/><\/td>\n<td align=\"center\"><input id=\"input_5_34_1\" name=\"q5_clickOn[34]\" type=\"radio\" value=\"No\" \/><\/td>\n<td align=\"center\"><input id=\"input_5_34_2\" name=\"q5_clickOn[34]\" type=\"radio\" value=\"Sometimes\" \/><\/td>\n<\/tr>\n<tr>\n<th align=\"left\">36. Est jaloux quand quelqu\u2019un vous porte attention?<\/th>\n<td align=\"center\"><input id=\"input_5_35_0\" name=\"q5_clickOn[35]\" type=\"radio\" value=\"Yes\" data-value=\"1\" \/><\/td>\n<td align=\"center\"><input id=\"input_5_35_1\" name=\"q5_clickOn[35]\" type=\"radio\" value=\"No\" \/><\/td>\n<td align=\"center\"><input id=\"input_5_35_2\" name=\"q5_clickOn[35]\" type=\"radio\" value=\"Sometimes\" \/><\/td>\n<\/tr>\n<tr>\n<th align=\"left\">37. Vous critique si vous commettez une erreur?<\/th>\n<td align=\"center\"><input id=\"input_5_36_0\" name=\"q5_clickOn[36]\" type=\"radio\" value=\"Yes\" data-value=\"1\" \/><\/td>\n<td align=\"center\"><input id=\"input_5_36_1\" name=\"q5_clickOn[36]\" type=\"radio\" value=\"No\" \/><\/td>\n<td align=\"center\"><input id=\"input_5_36_2\" name=\"q5_clickOn[36]\" type=\"radio\" value=\"Sometimes\" \/><\/td>\n<\/tr>\n<tr>\n<th align=\"left\">38. A\u00a0des sautes d\u2019humeur qui ont un effet sur votre comportement?<\/th>\n<td align=\"center\"><input id=\"input_5_37_0\" name=\"q5_clickOn[37]\" type=\"radio\" value=\"Yes\" data-value=\"1\" \/><\/td>\n<td align=\"center\"><input id=\"input_5_37_1\" name=\"q5_clickOn[37]\" type=\"radio\" value=\"No\" \/><\/td>\n<td align=\"center\"><input id=\"input_5_37_2\" name=\"q5_clickOn[37]\" type=\"radio\" value=\"Sometimes\" \/><\/td>\n<\/tr>\n<\/tbody>\n<\/table>\n<\/form>\n<h2>\n\t\tNOTE : 0\n\t<\/h2>\n\t<p>Si vous avez r\u00e9pondu \u00ab Oui\u2019 \u00e0 plus de 10 questions, il se peut que vous soyez dans une relation malsaine. Si vous voulez discuter du r\u00e9sultat avec une conseill\u00e8re, vous pouvez nous t\u00e9l\u00e9phoner, jour et nuit, au 1 888 871-9090.<\/p>\n\t<h3>\n\t\t\t\tPour qu\u2019une relation soit saine, il faut :\n\t\t\t<\/h3>\n\t<ul>\n\t\t<li>\t\t\t\t\n\t\tle respect mutuel et la reconnaissance des besoins mutuels;<\/li><li>\t\t\t\t\n\t\tse soucier des sentiments de son partenaire;<\/li><li>\t\t\t\t\n\t\tpartager les t\u00e2ches m\u00e9nag\u00e8res;<\/li><li>\t\t\t\t\n\t\tpartager les soins fournis aux enfants;<\/li><li>\t\t\t\t\n\t\tpartager la prise de d\u00e9cisions importantes;<\/li><li>\t\t\t\t\n\t\tque les partenaires se soutiennent pendant les p\u00e9riodes difficiles;<\/li><li>\t\t\t\t\n\t\tune communication ouverte et honn\u00eate;<\/li><li>\t\t\t\t\n\t\tque les partenaires se fassent confiance;<\/li><li>\t\t\t\t\n\t\tl\u2019intimit\u00e9 et la volont\u00e9 de faire des compromis;<\/li><li>\t\t\t\t\n\t\tun engagement mutuel \u00e0 travailler et \u00e0 grandir ensemble.<\/li>\t<\/ul>\n","protected":false},"excerpt":{"rendered":"<p>CLIQUEZ SUR LA R\u00c9PONSE QUI CONVIENT ET OBTENEZ LE R\u00c9SULTAT \u00c0 LA FIN DU QUESTIONNAIRE. Ce questionnaire peut servir \u00e0 susciter un dialogue avec votre partenaire ou il peut servir d\u2019outil de prise de conscience. Les renseignements ont \u00e9t\u00e9 recueillis par des membres du conseil communautaire contre la violence. Quiconque peut les reproduire et les&hellip;<\/p>\n","protected":false},"author":1,"featured_media":594,"parent":233,"menu_order":0,"comment_status":"closed","ping_status":"open","template":"","meta":{"footnotes":""},"class_list":["post-282","page","type-page","status-publish","has-post-thumbnail","hentry"],"_links":{"self":[{"href":"https:\/\/horizoncentre.ca\/fr\/wp-json\/wp\/v2\/pages\/282","targetHints":{"allow":["GET"]}}],"collection":[{"href":"https:\/\/horizoncentre.ca\/fr\/wp-json\/wp\/v2\/pages"}],"about":[{"href":"https:\/\/horizoncentre.ca\/fr\/wp-json\/wp\/v2\/types\/page"}],"author":[{"embeddable":true,"href":"https:\/\/horizoncentre.ca\/fr\/wp-json\/wp\/v2\/users\/1"}],"replies":[{"embeddable":true,"href":"https:\/\/horizoncentre.ca\/fr\/wp-json\/wp\/v2\/comments?post=282"}],"version-history":[{"count":8,"href":"https:\/\/horizoncentre.ca\/fr\/wp-json\/wp\/v2\/pages\/282\/revisions"}],"predecessor-version":[{"id":629,"href":"https:\/\/horizoncentre.ca\/fr\/wp-json\/wp\/v2\/pages\/282\/revisions\/629"}],"up":[{"embeddable":true,"href":"https:\/\/horizoncentre.ca\/fr\/wp-json\/wp\/v2\/pages\/233"}],"wp:featuredmedia":[{"embeddable":true,"href":"https:\/\/horizoncentre.ca\/fr\/wp-json\/wp\/v2\/media\/594"}],"wp:attachment":[{"href":"https:\/\/horizoncentre.ca\/fr\/wp-json\/wp\/v2\/media?parent=282"}],"curies":[{"name":"wp","href":"https:\/\/api.w.org\/{rel}","templated":true}]}}