{"id":308,"date":"2016-07-08T19:57:37","date_gmt":"2016-07-08T19:57:37","guid":{"rendered":"http:\/\/horizoncentre.ca\/?page_id=308"},"modified":"2016-07-11T15:35:41","modified_gmt":"2016-07-11T15:35:41","slug":"notre-conseil-dadministration","status":"publish","type":"page","link":"https:\/\/horizoncentre.ca\/fr\/notre-conseil-dadministration\/","title":{"rendered":"Notre conseil d\u2019administration"},"content":{"rendered":"<p>[fullwidth backgroundcolor=\u00a0\u00bb\u00a0\u00bb backgroundimage=\u00a0\u00bb\u00a0\u00bb backgroundrepeat=\u00a0\u00bbno-repeat\u00a0\u00bb backgroundposition=\u00a0\u00bbleft top\u00a0\u00bb backgroundattachment=\u00a0\u00bbscroll\u00a0\u00bb video_webm=\u00a0\u00bb\u00a0\u00bb video_mp4=\u00a0\u00bb\u00a0\u00bb video_ogv=\u00a0\u00bb\u00a0\u00bb video_preview_image=\u00a0\u00bb\u00a0\u00bb overlay_color=\u00a0\u00bb\u00a0\u00bb overlay_opacity=\u00a0\u00bb0.5&Prime; video_mute=\u00a0\u00bbyes\u00a0\u00bb video_loop=\u00a0\u00bbyes\u00a0\u00bb fade=\u00a0\u00bbno\u00a0\u00bb bordersize=\u00a0\u00bb0px\u00a0\u00bb bordercolor=\u00a0\u00bb\u00a0\u00bb borderstyle=\u00a0\u00bb\u00a0\u00bb paddingtop=\u00a0\u00bb20px\u00a0\u00bb paddingbottom=\u00a0\u00bb20px\u00a0\u00bb paddingleft=\u00a0\u00bb0px\u00a0\u00bb paddingright=\u00a0\u00bb0px\u00a0\u00bb menu_anchor=\u00a0\u00bb\u00a0\u00bb equal_height_columns=\u00a0\u00bbno\u00a0\u00bb hundred_percent=\u00a0\u00bbno\u00a0\u00bb class=\u00a0\u00bb\u00a0\u00bb id=\u00a0\u00bb\u00a0\u00bb][one_fourth last=\u00a0\u00bbno\u00a0\u00bb spacing=\u00a0\u00bbyes\u00a0\u00bb background_color=\u00a0\u00bb\u00a0\u00bb background_image=\u00a0\u00bb\u00a0\u00bb background_repeat=\u00a0\u00bbno-repeat\u00a0\u00bb background_position=\u00a0\u00bbleft top\u00a0\u00bb border_size=\u00a0\u00bb0px\u00a0\u00bb border_color=\u00a0\u00bb\u00a0\u00bb border_style=\u00a0\u00bb\u00a0\u00bb padding=\u00a0\u00bb\u00a0\u00bb class=\u00a0\u00bb\u00a0\u00bb id=\u00a0\u00bb\u00a0\u00bb][person name=\u00a0\u00bbChantal Larocque\u00a0\u00bb title=\u00a0\u00bbPr\u00e9sidente\u00a0\u00bb picture=\u00a0\u00bb\u00a0\u00bb pic_link=\u00a0\u00bb\u00a0\u00bb linktarget=\u00a0\u00bb_self\u00a0\u00bb pic_style=\u00a0\u00bbnone\u00a0\u00bb pic_style_color=\u00a0\u00bb\u00a0\u00bb pic_bordersize=\u00a0\u00bb0&Prime; pic_bordercolor=\u00a0\u00bb\u00a0\u00bb pic_borderradius=\u00a0\u00bb0&Prime; social_icon_boxed=\u00a0\u00bb\u00a0\u00bb social_icon_boxed_radius=\u00a0\u00bb4px\u00a0\u00bb social_icon_colors=\u00a0\u00bb\u00a0\u00bb social_icon_boxed_colors=\u00a0\u00bb\u00a0\u00bb social_icon_tooltip=\u00a0\u00bb \u00a0\u00bb email=\u00a0\u00bb\u00a0\u00bb facebook=\u00a0\u00bb\u00a0\u00bb twitter=\u00a0\u00bb\u00a0\u00bb instagram=\u00a0\u00bb\u00a0\u00bb dribbble=\u00a0\u00bb\u00a0\u00bb google=\u00a0\u00bb\u00a0\u00bb linkedin=\u00a0\u00bb\u00a0\u00bb blogger=\u00a0\u00bb\u00a0\u00bb tumblr=\u00a0\u00bb\u00a0\u00bb reddit=\u00a0\u00bb\u00a0\u00bb yahoo=\u00a0\u00bb\u00a0\u00bb deviantart=\u00a0\u00bb\u00a0\u00bb vimeo=\u00a0\u00bb\u00a0\u00bb youtube=\u00a0\u00bb\u00a0\u00bb pinterest=\u00a0\u00bb\u00a0\u00bb rss=\u00a0\u00bb\u00a0\u00bb digg=\u00a0\u00bb\u00a0\u00bb flickr=\u00a0\u00bb\u00a0\u00bb forrst=\u00a0\u00bb\u00a0\u00bb myspace=\u00a0\u00bb\u00a0\u00bb skype=\u00a0\u00bb\u00a0\u00bb paypal=\u00a0\u00bb\u00a0\u00bb dropbox=\u00a0\u00bb\u00a0\u00bb soundcloud=\u00a0\u00bb\u00a0\u00bb vk=\u00a0\u00bb\u00a0\u00bb class=\u00a0\u00bbbod\u00a0\u00bb id=\u00a0\u00bb\u00a0\u00bb]Chantal Larocque, agente de police du Service de police anishinabek, membre du conseil d\u2019administration depuis d\u00e9cembre 2011.[\/person][\/one_fourth][one_fourth last=\u00a0\u00bbno\u00a0\u00bb spacing=\u00a0\u00bbyes\u00a0\u00bb background_color=\u00a0\u00bb\u00a0\u00bb background_image=\u00a0\u00bb\u00a0\u00bb background_repeat=\u00a0\u00bbno-repeat\u00a0\u00bb background_position=\u00a0\u00bbleft top\u00a0\u00bb border_size=\u00a0\u00bb0px\u00a0\u00bb border_color=\u00a0\u00bb\u00a0\u00bb border_style=\u00a0\u00bb\u00a0\u00bb padding=\u00a0\u00bb\u00a0\u00bb class=\u00a0\u00bb\u00a0\u00bb id=\u00a0\u00bb\u00a0\u00bb][person name=\u00a0\u00bbCamille Marleau\u00a0\u00bb title=\u00a0\u00bbVice-pr\u00e9sidente\u00a0\u00bb picture=\u00a0\u00bb\u00a0\u00bb pic_link=\u00a0\u00bb\u00a0\u00bb linktarget=\u00a0\u00bb_self\u00a0\u00bb pic_style=\u00a0\u00bbnone\u00a0\u00bb pic_style_color=\u00a0\u00bb\u00a0\u00bb pic_bordersize=\u00a0\u00bb0&Prime; pic_bordercolor=\u00a0\u00bb\u00a0\u00bb pic_borderradius=\u00a0\u00bb0&Prime; social_icon_boxed=\u00a0\u00bb\u00a0\u00bb social_icon_boxed_radius=\u00a0\u00bb4px\u00a0\u00bb social_icon_colors=\u00a0\u00bb\u00a0\u00bb social_icon_boxed_colors=\u00a0\u00bb\u00a0\u00bb social_icon_tooltip=\u00a0\u00bb \u00a0\u00bb email=\u00a0\u00bb\u00a0\u00bb facebook=\u00a0\u00bb\u00a0\u00bb twitter=\u00a0\u00bb\u00a0\u00bb instagram=\u00a0\u00bb\u00a0\u00bb dribbble=\u00a0\u00bb\u00a0\u00bb google=\u00a0\u00bb\u00a0\u00bb linkedin=\u00a0\u00bb\u00a0\u00bb blogger=\u00a0\u00bb\u00a0\u00bb tumblr=\u00a0\u00bb\u00a0\u00bb reddit=\u00a0\u00bb\u00a0\u00bb yahoo=\u00a0\u00bb\u00a0\u00bb deviantart=\u00a0\u00bb\u00a0\u00bb vimeo=\u00a0\u00bb\u00a0\u00bb youtube=\u00a0\u00bb\u00a0\u00bb pinterest=\u00a0\u00bb\u00a0\u00bb rss=\u00a0\u00bb\u00a0\u00bb digg=\u00a0\u00bb\u00a0\u00bb flickr=\u00a0\u00bb\u00a0\u00bb forrst=\u00a0\u00bb\u00a0\u00bb myspace=\u00a0\u00bb\u00a0\u00bb skype=\u00a0\u00bb\u00a0\u00bb paypal=\u00a0\u00bb\u00a0\u00bb dropbox=\u00a0\u00bb\u00a0\u00bb soundcloud=\u00a0\u00bb\u00a0\u00bb vk=\u00a0\u00bb\u00a0\u00bb class=\u00a0\u00bbbod\u00a0\u00bb id=\u00a0\u00bb\u00a0\u00bb]Camille Marleau, infirmi\u00e8re psychiatrique, clinique psychiatrique Centre Alliance, membre du conseil d\u2019administration depuis d\u00e9cembre 2011.[\/person][\/one_fourth][one_fourth last=\u00a0\u00bbno\u00a0\u00bb spacing=\u00a0\u00bbyes\u00a0\u00bb background_color=\u00a0\u00bb\u00a0\u00bb background_image=\u00a0\u00bb\u00a0\u00bb background_repeat=\u00a0\u00bbno-repeat\u00a0\u00bb background_position=\u00a0\u00bbleft top\u00a0\u00bb border_size=\u00a0\u00bb0px\u00a0\u00bb border_color=\u00a0\u00bb\u00a0\u00bb border_style=\u00a0\u00bb\u00a0\u00bb padding=\u00a0\u00bb\u00a0\u00bb class=\u00a0\u00bb\u00a0\u00bb id=\u00a0\u00bb\u00a0\u00bb][person name=\u00a0\u00bbPauline Gignac\u00a0\u00bb title=\u00a0\u00bbTr\u00e9sori\u00e8re\u00a0\u00bb picture=\u00a0\u00bb\u00a0\u00bb pic_link=\u00a0\u00bb\u00a0\u00bb linktarget=\u00a0\u00bb_self\u00a0\u00bb pic_style=\u00a0\u00bbnone\u00a0\u00bb pic_style_color=\u00a0\u00bb\u00a0\u00bb pic_bordersize=\u00a0\u00bb0&Prime; pic_bordercolor=\u00a0\u00bb\u00a0\u00bb pic_borderradius=\u00a0\u00bb0&Prime; social_icon_boxed=\u00a0\u00bb\u00a0\u00bb social_icon_boxed_radius=\u00a0\u00bb4px\u00a0\u00bb social_icon_colors=\u00a0\u00bb\u00a0\u00bb social_icon_boxed_colors=\u00a0\u00bb\u00a0\u00bb social_icon_tooltip=\u00a0\u00bb \u00a0\u00bb email=\u00a0\u00bb\u00a0\u00bb facebook=\u00a0\u00bb\u00a0\u00bb twitter=\u00a0\u00bb\u00a0\u00bb instagram=\u00a0\u00bb\u00a0\u00bb dribbble=\u00a0\u00bb\u00a0\u00bb google=\u00a0\u00bb\u00a0\u00bb linkedin=\u00a0\u00bb\u00a0\u00bb blogger=\u00a0\u00bb\u00a0\u00bb tumblr=\u00a0\u00bb\u00a0\u00bb reddit=\u00a0\u00bb\u00a0\u00bb yahoo=\u00a0\u00bb\u00a0\u00bb deviantart=\u00a0\u00bb\u00a0\u00bb vimeo=\u00a0\u00bb\u00a0\u00bb youtube=\u00a0\u00bb\u00a0\u00bb pinterest=\u00a0\u00bb\u00a0\u00bb rss=\u00a0\u00bb\u00a0\u00bb digg=\u00a0\u00bb\u00a0\u00bb flickr=\u00a0\u00bb\u00a0\u00bb forrst=\u00a0\u00bb\u00a0\u00bb myspace=\u00a0\u00bb\u00a0\u00bb skype=\u00a0\u00bb\u00a0\u00bb paypal=\u00a0\u00bb\u00a0\u00bb dropbox=\u00a0\u00bb\u00a0\u00bb soundcloud=\u00a0\u00bb\u00a0\u00bb vk=\u00a0\u00bb\u00a0\u00bb class=\u00a0\u00bbbod\u00a0\u00bb id=\u00a0\u00bb\u00a0\u00bb]Pauline Gignac, retrait\u00e9e et membre du conseil d\u2019administration depuis f\u00e9vrier 2014.[\/person][\/one_fourth][one_fourth last=\u00a0\u00bbyes\u00a0\u00bb spacing=\u00a0\u00bbyes\u00a0\u00bb background_color=\u00a0\u00bb\u00a0\u00bb background_image=\u00a0\u00bb\u00a0\u00bb background_repeat=\u00a0\u00bbno-repeat\u00a0\u00bb background_position=\u00a0\u00bbleft top\u00a0\u00bb border_size=\u00a0\u00bb0px\u00a0\u00bb border_color=\u00a0\u00bb\u00a0\u00bb border_style=\u00a0\u00bb\u00a0\u00bb padding=\u00a0\u00bb\u00a0\u00bb class=\u00a0\u00bb\u00a0\u00bb id=\u00a0\u00bb\u00a0\u00bb][person name=\u00a0\u00bbMonique M\u00e9nard\u00a0\u00bb title=\u00a0\u00bbSecr\u00e9taire\u00a0\u00bb picture=\u00a0\u00bb\u00a0\u00bb pic_link=\u00a0\u00bb\u00a0\u00bb linktarget=\u00a0\u00bb_self\u00a0\u00bb pic_style=\u00a0\u00bbnone\u00a0\u00bb pic_style_color=\u00a0\u00bb\u00a0\u00bb pic_bordersize=\u00a0\u00bb0&Prime; pic_bordercolor=\u00a0\u00bb\u00a0\u00bb pic_borderradius=\u00a0\u00bb0&Prime; social_icon_boxed=\u00a0\u00bb\u00a0\u00bb social_icon_boxed_radius=\u00a0\u00bb4px\u00a0\u00bb social_icon_colors=\u00a0\u00bb\u00a0\u00bb social_icon_boxed_colors=\u00a0\u00bb\u00a0\u00bb social_icon_tooltip=\u00a0\u00bb \u00a0\u00bb email=\u00a0\u00bb\u00a0\u00bb facebook=\u00a0\u00bb\u00a0\u00bb twitter=\u00a0\u00bb\u00a0\u00bb instagram=\u00a0\u00bb\u00a0\u00bb dribbble=\u00a0\u00bb\u00a0\u00bb google=\u00a0\u00bb\u00a0\u00bb linkedin=\u00a0\u00bb\u00a0\u00bb blogger=\u00a0\u00bb\u00a0\u00bb tumblr=\u00a0\u00bb\u00a0\u00bb reddit=\u00a0\u00bb\u00a0\u00bb yahoo=\u00a0\u00bb\u00a0\u00bb deviantart=\u00a0\u00bb\u00a0\u00bb vimeo=\u00a0\u00bb\u00a0\u00bb youtube=\u00a0\u00bb\u00a0\u00bb pinterest=\u00a0\u00bb\u00a0\u00bb rss=\u00a0\u00bb\u00a0\u00bb digg=\u00a0\u00bb\u00a0\u00bb flickr=\u00a0\u00bb\u00a0\u00bb forrst=\u00a0\u00bb\u00a0\u00bb myspace=\u00a0\u00bb\u00a0\u00bb skype=\u00a0\u00bb\u00a0\u00bb paypal=\u00a0\u00bb\u00a0\u00bb dropbox=\u00a0\u00bb\u00a0\u00bb soundcloud=\u00a0\u00bb\u00a0\u00bb vk=\u00a0\u00bb\u00a0\u00bb class=\u00a0\u00bbbod\u00a0\u00bb id=\u00a0\u00bb\u00a0\u00bb]Monique M\u00e9nard, directrice de l\u2019\u00e9ducation du Conseil scolaire catholique Franco-Nord, membre du conseil d\u2019administration depuis mars 2016.[\/person][\/one_fourth][\/fullwidth][fullwidth backgroundcolor=\u00a0\u00bb\u00a0\u00bb backgroundimage=\u00a0\u00bb\u00a0\u00bb backgroundrepeat=\u00a0\u00bbno-repeat\u00a0\u00bb backgroundposition=\u00a0\u00bbleft top\u00a0\u00bb backgroundattachment=\u00a0\u00bbscroll\u00a0\u00bb video_webm=\u00a0\u00bb\u00a0\u00bb video_mp4=\u00a0\u00bb\u00a0\u00bb video_ogv=\u00a0\u00bb\u00a0\u00bb video_preview_image=\u00a0\u00bb\u00a0\u00bb overlay_color=\u00a0\u00bb\u00a0\u00bb overlay_opacity=\u00a0\u00bb0.5&Prime; video_mute=\u00a0\u00bbyes\u00a0\u00bb video_loop=\u00a0\u00bbyes\u00a0\u00bb fade=\u00a0\u00bbno\u00a0\u00bb bordersize=\u00a0\u00bb0px\u00a0\u00bb bordercolor=\u00a0\u00bb\u00a0\u00bb borderstyle=\u00a0\u00bb\u00a0\u00bb paddingtop=\u00a0\u00bb20px\u00a0\u00bb paddingbottom=\u00a0\u00bb20px\u00a0\u00bb paddingleft=\u00a0\u00bb0px\u00a0\u00bb paddingright=\u00a0\u00bb0px\u00a0\u00bb menu_anchor=\u00a0\u00bb\u00a0\u00bb equal_height_columns=\u00a0\u00bbno\u00a0\u00bb hundred_percent=\u00a0\u00bbno\u00a0\u00bb class=\u00a0\u00bb\u00a0\u00bb id=\u00a0\u00bb\u00a0\u00bb][one_third last=\u00a0\u00bbno\u00a0\u00bb spacing=\u00a0\u00bbyes\u00a0\u00bb background_color=\u00a0\u00bb\u00a0\u00bb background_image=\u00a0\u00bb\u00a0\u00bb background_repeat=\u00a0\u00bbno-repeat\u00a0\u00bb background_position=\u00a0\u00bbleft top\u00a0\u00bb border_size=\u00a0\u00bb0px\u00a0\u00bb border_color=\u00a0\u00bb\u00a0\u00bb border_style=\u00a0\u00bb\u00a0\u00bb padding=\u00a0\u00bb\u00a0\u00bb class=\u00a0\u00bb\u00a0\u00bb id=\u00a0\u00bb\u00a0\u00bb][person name=\u00a0\u00bbLe Chef Chuck S\u00e9guin\u00a0\u00bb title=\u00a0\u00bbDirecteur\u00a0\u00bb picture=\u00a0\u00bb\u00a0\u00bb pic_link=\u00a0\u00bb\u00a0\u00bb linktarget=\u00a0\u00bb_self\u00a0\u00bb pic_style=\u00a0\u00bbnone\u00a0\u00bb pic_style_color=\u00a0\u00bb\u00a0\u00bb pic_bordersize=\u00a0\u00bb0&Prime; pic_bordercolor=\u00a0\u00bb\u00a0\u00bb pic_borderradius=\u00a0\u00bb0&Prime; social_icon_boxed=\u00a0\u00bb\u00a0\u00bb social_icon_boxed_radius=\u00a0\u00bb4px\u00a0\u00bb social_icon_colors=\u00a0\u00bb\u00a0\u00bb social_icon_boxed_colors=\u00a0\u00bb\u00a0\u00bb social_icon_tooltip=\u00a0\u00bb \u00a0\u00bb email=\u00a0\u00bb\u00a0\u00bb facebook=\u00a0\u00bb\u00a0\u00bb twitter=\u00a0\u00bb\u00a0\u00bb instagram=\u00a0\u00bb\u00a0\u00bb dribbble=\u00a0\u00bb\u00a0\u00bb google=\u00a0\u00bb\u00a0\u00bb linkedin=\u00a0\u00bb\u00a0\u00bb blogger=\u00a0\u00bb\u00a0\u00bb tumblr=\u00a0\u00bb\u00a0\u00bb reddit=\u00a0\u00bb\u00a0\u00bb yahoo=\u00a0\u00bb\u00a0\u00bb deviantart=\u00a0\u00bb\u00a0\u00bb vimeo=\u00a0\u00bb\u00a0\u00bb youtube=\u00a0\u00bb\u00a0\u00bb pinterest=\u00a0\u00bb\u00a0\u00bb rss=\u00a0\u00bb\u00a0\u00bb digg=\u00a0\u00bb\u00a0\u00bb flickr=\u00a0\u00bb\u00a0\u00bb forrst=\u00a0\u00bb\u00a0\u00bb myspace=\u00a0\u00bb\u00a0\u00bb skype=\u00a0\u00bb\u00a0\u00bb paypal=\u00a0\u00bb\u00a0\u00bb dropbox=\u00a0\u00bb\u00a0\u00bb soundcloud=\u00a0\u00bb\u00a0\u00bb vk=\u00a0\u00bb\u00a0\u00bb class=\u00a0\u00bbbod\u00a0\u00bb id=\u00a0\u00bb\u00a0\u00bb]Le Chef Chuck S\u00e9guin, chef de police du Service de police de Nipissing Ouest, membre du conseil d\u2019administration depuis f\u00e9vrier 2014.[\/person][\/one_third][one_third last=\u00a0\u00bbno\u00a0\u00bb spacing=\u00a0\u00bbyes\u00a0\u00bb background_color=\u00a0\u00bb\u00a0\u00bb background_image=\u00a0\u00bb\u00a0\u00bb background_repeat=\u00a0\u00bbno-repeat\u00a0\u00bb background_position=\u00a0\u00bbleft top\u00a0\u00bb border_size=\u00a0\u00bb0px\u00a0\u00bb border_color=\u00a0\u00bb\u00a0\u00bb border_style=\u00a0\u00bb\u00a0\u00bb padding=\u00a0\u00bb\u00a0\u00bb class=\u00a0\u00bb\u00a0\u00bb id=\u00a0\u00bb\u00a0\u00bb][person name=\u00a0\u00bbGinette Savard\u00a0\u00bb title=\u00a0\u00bbDirecteur\u00a0\u00bb picture=\u00a0\u00bb\u00a0\u00bb pic_link=\u00a0\u00bb\u00a0\u00bb linktarget=\u00a0\u00bb_self\u00a0\u00bb pic_style=\u00a0\u00bbnone\u00a0\u00bb pic_style_color=\u00a0\u00bb\u00a0\u00bb pic_bordersize=\u00a0\u00bb0&Prime; pic_bordercolor=\u00a0\u00bb\u00a0\u00bb pic_borderradius=\u00a0\u00bb0&Prime; social_icon_boxed=\u00a0\u00bb\u00a0\u00bb social_icon_boxed_radius=\u00a0\u00bb4px\u00a0\u00bb social_icon_colors=\u00a0\u00bb\u00a0\u00bb social_icon_boxed_colors=\u00a0\u00bb\u00a0\u00bb social_icon_tooltip=\u00a0\u00bb \u00a0\u00bb email=\u00a0\u00bb\u00a0\u00bb facebook=\u00a0\u00bb\u00a0\u00bb twitter=\u00a0\u00bb\u00a0\u00bb instagram=\u00a0\u00bb\u00a0\u00bb dribbble=\u00a0\u00bb\u00a0\u00bb google=\u00a0\u00bb\u00a0\u00bb linkedin=\u00a0\u00bb\u00a0\u00bb blogger=\u00a0\u00bb\u00a0\u00bb tumblr=\u00a0\u00bb\u00a0\u00bb reddit=\u00a0\u00bb\u00a0\u00bb yahoo=\u00a0\u00bb\u00a0\u00bb deviantart=\u00a0\u00bb\u00a0\u00bb vimeo=\u00a0\u00bb\u00a0\u00bb youtube=\u00a0\u00bb\u00a0\u00bb pinterest=\u00a0\u00bb\u00a0\u00bb rss=\u00a0\u00bb\u00a0\u00bb digg=\u00a0\u00bb\u00a0\u00bb flickr=\u00a0\u00bb\u00a0\u00bb forrst=\u00a0\u00bb\u00a0\u00bb myspace=\u00a0\u00bb\u00a0\u00bb skype=\u00a0\u00bb\u00a0\u00bb paypal=\u00a0\u00bb\u00a0\u00bb dropbox=\u00a0\u00bb\u00a0\u00bb soundcloud=\u00a0\u00bb\u00a0\u00bb vk=\u00a0\u00bb\u00a0\u00bb class=\u00a0\u00bbbod\u00a0\u00bb id=\u00a0\u00bb\u00a0\u00bb]Ginette Savard, retrait\u00e9e et membre du conseil d\u2019administration depuis d\u00e9cembre 2011.[\/person][\/one_third][one_third last=\u00a0\u00bbyes\u00a0\u00bb spacing=\u00a0\u00bbyes\u00a0\u00bb background_color=\u00a0\u00bb\u00a0\u00bb background_image=\u00a0\u00bb\u00a0\u00bb background_repeat=\u00a0\u00bbno-repeat\u00a0\u00bb background_position=\u00a0\u00bbleft top\u00a0\u00bb border_size=\u00a0\u00bb0px\u00a0\u00bb border_color=\u00a0\u00bb\u00a0\u00bb border_style=\u00a0\u00bb\u00a0\u00bb padding=\u00a0\u00bb\u00a0\u00bb class=\u00a0\u00bb\u00a0\u00bb id=\u00a0\u00bb\u00a0\u00bb][person name=\u00a0\u00bbChantal V\u00e9zina\u00a0\u00bb title=\u00a0\u00bbDirecteur\u00a0\u00bb picture=\u00a0\u00bb\u00a0\u00bb pic_link=\u00a0\u00bb\u00a0\u00bb linktarget=\u00a0\u00bb_self\u00a0\u00bb pic_style=\u00a0\u00bbnone\u00a0\u00bb pic_style_color=\u00a0\u00bb\u00a0\u00bb pic_bordersize=\u00a0\u00bb0&Prime; pic_bordercolor=\u00a0\u00bb\u00a0\u00bb pic_borderradius=\u00a0\u00bb0&Prime; social_icon_boxed=\u00a0\u00bb\u00a0\u00bb social_icon_boxed_radius=\u00a0\u00bb4px\u00a0\u00bb social_icon_colors=\u00a0\u00bb\u00a0\u00bb social_icon_boxed_colors=\u00a0\u00bb\u00a0\u00bb social_icon_tooltip=\u00a0\u00bb \u00a0\u00bb email=\u00a0\u00bb\u00a0\u00bb facebook=\u00a0\u00bb\u00a0\u00bb twitter=\u00a0\u00bb\u00a0\u00bb instagram=\u00a0\u00bb\u00a0\u00bb dribbble=\u00a0\u00bb\u00a0\u00bb google=\u00a0\u00bb\u00a0\u00bb linkedin=\u00a0\u00bb\u00a0\u00bb blogger=\u00a0\u00bb\u00a0\u00bb tumblr=\u00a0\u00bb\u00a0\u00bb reddit=\u00a0\u00bb\u00a0\u00bb yahoo=\u00a0\u00bb\u00a0\u00bb deviantart=\u00a0\u00bb\u00a0\u00bb vimeo=\u00a0\u00bb\u00a0\u00bb youtube=\u00a0\u00bb\u00a0\u00bb pinterest=\u00a0\u00bb\u00a0\u00bb rss=\u00a0\u00bb\u00a0\u00bb digg=\u00a0\u00bb\u00a0\u00bb flickr=\u00a0\u00bb\u00a0\u00bb forrst=\u00a0\u00bb\u00a0\u00bb myspace=\u00a0\u00bb\u00a0\u00bb skype=\u00a0\u00bb\u00a0\u00bb paypal=\u00a0\u00bb\u00a0\u00bb dropbox=\u00a0\u00bb\u00a0\u00bb soundcloud=\u00a0\u00bb\u00a0\u00bb vk=\u00a0\u00bb\u00a0\u00bb class=\u00a0\u00bbbod\u00a0\u00bb id=\u00a0\u00bb\u00a0\u00bb]Chantal V\u00e9zina, directrice du soutien des familles \u00e0 Int\u00e9gration communautaire de Nipissing Ouest, membre du conseil d\u2019administration depuis f\u00e9vrier 2014. [\/person][\/one_third][\/fullwidth]<\/p>\n","protected":false},"excerpt":{"rendered":"<p>[fullwidth backgroundcolor=\u00a0\u00bb\u00a0\u00bb backgroundimage=\u00a0\u00bb\u00a0\u00bb backgroundrepeat=\u00a0\u00bbno-repeat\u00a0\u00bb backgroundposition=\u00a0\u00bbleft top\u00a0\u00bb backgroundattachment=\u00a0\u00bbscroll\u00a0\u00bb video_webm=\u00a0\u00bb\u00a0\u00bb video_mp4=\u00a0\u00bb\u00a0\u00bb video_ogv=\u00a0\u00bb\u00a0\u00bb video_preview_image=\u00a0\u00bb\u00a0\u00bb overlay_color=\u00a0\u00bb\u00a0\u00bb overlay_opacity=\u00a0\u00bb0.5&Prime; video_mute=\u00a0\u00bbyes\u00a0\u00bb video_loop=\u00a0\u00bbyes\u00a0\u00bb fade=\u00a0\u00bbno\u00a0\u00bb bordersize=\u00a0\u00bb0px\u00a0\u00bb bordercolor=\u00a0\u00bb\u00a0\u00bb borderstyle=\u00a0\u00bb\u00a0\u00bb paddingtop=\u00a0\u00bb20px\u00a0\u00bb paddingbottom=\u00a0\u00bb20px\u00a0\u00bb paddingleft=\u00a0\u00bb0px\u00a0\u00bb paddingright=\u00a0\u00bb0px\u00a0\u00bb menu_anchor=\u00a0\u00bb\u00a0\u00bb equal_height_columns=\u00a0\u00bbno\u00a0\u00bb hundred_percent=\u00a0\u00bbno\u00a0\u00bb class=\u00a0\u00bb\u00a0\u00bb id=\u00a0\u00bb\u00a0\u00bb][one_fourth last=\u00a0\u00bbno\u00a0\u00bb spacing=\u00a0\u00bbyes\u00a0\u00bb background_color=\u00a0\u00bb\u00a0\u00bb background_image=\u00a0\u00bb\u00a0\u00bb background_repeat=\u00a0\u00bbno-repeat\u00a0\u00bb background_position=\u00a0\u00bbleft top\u00a0\u00bb border_size=\u00a0\u00bb0px\u00a0\u00bb border_color=\u00a0\u00bb\u00a0\u00bb border_style=\u00a0\u00bb\u00a0\u00bb padding=\u00a0\u00bb\u00a0\u00bb class=\u00a0\u00bb\u00a0\u00bb id=\u00a0\u00bb\u00a0\u00bb][person name=\u00a0\u00bbChantal Larocque\u00a0\u00bb title=\u00a0\u00bbPr\u00e9sidente\u00a0\u00bb picture=\u00a0\u00bb\u00a0\u00bb pic_link=\u00a0\u00bb\u00a0\u00bb linktarget=\u00a0\u00bb_self\u00a0\u00bb pic_style=\u00a0\u00bbnone\u00a0\u00bb pic_style_color=\u00a0\u00bb\u00a0\u00bb pic_bordersize=\u00a0\u00bb0&Prime; pic_bordercolor=\u00a0\u00bb\u00a0\u00bb pic_borderradius=\u00a0\u00bb0&Prime; social_icon_boxed=\u00a0\u00bb\u00a0\u00bb social_icon_boxed_radius=\u00a0\u00bb4px\u00a0\u00bb social_icon_colors=\u00a0\u00bb\u00a0\u00bb&hellip;<\/p>\n","protected":false},"author":1,"featured_media":0,"parent":0,"menu_order":0,"comment_status":"closed","ping_status":"open","template":"","meta":{"footnotes":""},"class_list":["post-308","page","type-page","status-publish","hentry"],"_links":{"self":[{"href":"https:\/\/horizoncentre.ca\/fr\/wp-json\/wp\/v2\/pages\/308","targetHints":{"allow":["GET"]}}],"collection":[{"href":"https:\/\/horizoncentre.ca\/fr\/wp-json\/wp\/v2\/pages"}],"about":[{"href":"https:\/\/horizoncentre.ca\/fr\/wp-json\/wp\/v2\/types\/page"}],"author":[{"embeddable":true,"href":"https:\/\/horizoncentre.ca\/fr\/wp-json\/wp\/v2\/users\/1"}],"replies":[{"embeddable":true,"href":"https:\/\/horizoncentre.ca\/fr\/wp-json\/wp\/v2\/comments?post=308"}],"version-history":[{"count":5,"href":"https:\/\/horizoncentre.ca\/fr\/wp-json\/wp\/v2\/pages\/308\/revisions"}],"predecessor-version":[{"id":315,"href":"https:\/\/horizoncentre.ca\/fr\/wp-json\/wp\/v2\/pages\/308\/revisions\/315"}],"wp:attachment":[{"href":"https:\/\/horizoncentre.ca\/fr\/wp-json\/wp\/v2\/media?parent=308"}],"curies":[{"name":"wp","href":"https:\/\/api.w.org\/{rel}","templated":true}]}}